{"id":1524,"date":"2023-05-06T19:25:14","date_gmt":"2023-05-06T17:25:14","guid":{"rendered":"https:\/\/dzielmysieusmiechem.pl\/?page_id=1524"},"modified":"2024-08-30T14:04:12","modified_gmt":"2024-08-30T12:04:12","slug":"krystek-team","status":"publish","type":"page","link":"https:\/\/dzielmysieusmiechem.pl\/en\/krystek-team\/","title":{"rendered":"KRYSTEK TEAM"},"content":{"rendered":"<div class=\"wp-bootstrap-blocks-container container mb-2\">\n\t\n<div class=\"wp-bootstrap-blocks-row row\">\n\t\n<div class=\"col-12\">\n\t\t\t\n<p>Grupa <strong>KRYSTEK TEAM - KORONA GANG #NEVERENDING STORY<\/strong> was formed shortly after Krystian's death on the initiative of his parents, family and friends. Our group was created with the idea of commemorating Krystian, who was not only our friend, but also an exceptional athlete and a man of incredibly positive energy. The aim of the KRYSTEK TEAM group is to motivate people to overcome their barriers and weaknesses on their way to achieve small and big dreams.\u00a0<\/p>\n\n<h5 class=\"wp-block-heading\">In November 2018, our first spontaneous initiative took place: the run \u2018I...Taka Tarn\u00f3w Dyszka\u2019<\/h5>\n\n<p>The event attracted a surprisingly large number of participants, who took part wearing T-shirts with Krystian's image on them. It is safe to say that it was a run in memory of Krystian himself. It was then that we realised that we could not stop, and that it would only be a matter of time and our imagination to scale the group's activities.&nbsp;&nbsp;<\/p>\n\n<h5 class=\"wp-block-heading\">This is how the idea of organising a memorial event in memory of Krystian Popiela was born, and later also the creation of the \u2018Let's Share a Smile\u2019 Foundation, which bears the name of this wonderful man full of joy.\u00a0\u00a0<\/h5>\n\n<p>By organising and participating in various sporting initiatives, we try to keep Krystian's memory alive and infect others with positive energy and a smile. Somewhat against the fashion for spending time in front of electronic screens, we are visible at football tournaments, long-distance running or triathlon competitions. We support each other, motivate each other to overcome our barriers and weaknesses on the way to achieving small and big dreams. Nowadays, so many young people are struggling mentally and emotionally. We try to keep the sporting spirit alive in them and encourage them to be physically active. Sport teaches perseverance, discipline and cooperation. It can help young people build a strong personality and become resilient in the face of adversity. We aim for our activities to be an inspiration to others, to encourage them to take up sporting challenges and achieve their goals.&nbsp;<\/p>\n\n<p><a href=\"https:\/\/dzielmysieusmiechem.pl\/en\/kim-byl-krystian-popiela\/\" target=\"_blank\" rel=\"noreferrer noopener\">Learn about the story of Krystian Popiela<\/a>&nbsp;<\/p>\n\n<p><\/p>\n\n<figure class=\"wp-block-gallery has-nested-images columns-default is-cropped wp-block-gallery-1 is-layout-flex wp-block-gallery-is-layout-flex\"><figure class=\"wp-block-image size-large\"><a href=\"https:\/\/dzielmysieusmiechem.pl\/wp-content\/uploads\/2023\/05\/338390644_234027142330218_7035288307591059447_n.jpg\"><img loading=\"lazy\" decoding=\"async\" width=\"768\" height=\"1024\" data-id=\"1638\" src=\"https:\/\/dzielmysieusmiechem.pl\/\/wp-content\/uploads\/2023\/05\/338390644_234027142330218_7035288307591059447_n-768x1024.jpg\" alt=\"\" class=\"wp-image-1638\" srcset=\"https:\/\/dzielmysieusmiechem.pl\/wp-content\/uploads\/2023\/05\/338390644_234027142330218_7035288307591059447_n-768x1024.jpg 768w, https:\/\/dzielmysieusmiechem.pl\/wp-content\/uploads\/2023\/05\/338390644_234027142330218_7035288307591059447_n-600x800.jpg 600w, https:\/\/dzielmysieusmiechem.pl\/wp-content\/uploads\/2023\/05\/338390644_234027142330218_7035288307591059447_n-225x300.jpg 225w, https:\/\/dzielmysieusmiechem.pl\/wp-content\/uploads\/2023\/05\/338390644_234027142330218_7035288307591059447_n.jpg 828w\" sizes=\"auto, (max-width: 768px) 100vw, 768px\" \/><\/a><\/figure>\n\n<figure class=\"wp-block-image size-large\"><a href=\"https:\/\/dzielmysieusmiechem.pl\/wp-content\/uploads\/2023\/05\/335958281_3041385819490616_4904686506151457665_n.jpg\"><img loading=\"lazy\" decoding=\"async\" width=\"1024\" height=\"683\" data-id=\"1637\" src=\"https:\/\/dzielmysieusmiechem.pl\/\/wp-content\/uploads\/2023\/05\/335958281_3041385819490616_4904686506151457665_n-1024x683.jpg\" alt=\"\" class=\"wp-image-1637\" srcset=\"https:\/\/dzielmysieusmiechem.pl\/wp-content\/uploads\/2023\/05\/335958281_3041385819490616_4904686506151457665_n-1024x683.jpg 1024w, https:\/\/dzielmysieusmiechem.pl\/wp-content\/uploads\/2023\/05\/335958281_3041385819490616_4904686506151457665_n-600x400.jpg 600w, https:\/\/dzielmysieusmiechem.pl\/wp-content\/uploads\/2023\/05\/335958281_3041385819490616_4904686506151457665_n-300x200.jpg 300w, https:\/\/dzielmysieusmiechem.pl\/wp-content\/uploads\/2023\/05\/335958281_3041385819490616_4904686506151457665_n-768x512.jpg 768w, https:\/\/dzielmysieusmiechem.pl\/wp-content\/uploads\/2023\/05\/335958281_3041385819490616_4904686506151457665_n-1536x1024.jpg 1536w, https:\/\/dzielmysieusmiechem.pl\/wp-content\/uploads\/2023\/05\/335958281_3041385819490616_4904686506151457665_n.jpg 1971w\" sizes=\"auto, (max-width: 1024px) 100vw, 1024px\" \/><\/a><\/figure>\n\n<figure class=\"wp-block-image size-large\"><a href=\"https:\/\/dzielmysieusmiechem.pl\/wp-content\/uploads\/2023\/05\/WhatsApp-Image-2020-01-07-at-17.29.503.jpeg\"><img loading=\"lazy\" decoding=\"async\" width=\"960\" height=\"720\" data-id=\"1640\" src=\"https:\/\/dzielmysieusmiechem.pl\/\/wp-content\/uploads\/2023\/05\/WhatsApp-Image-2020-01-07-at-17.29.503.jpeg\" alt=\"\" class=\"wp-image-1640\" srcset=\"https:\/\/dzielmysieusmiechem.pl\/wp-content\/uploads\/2023\/05\/WhatsApp-Image-2020-01-07-at-17.29.503.jpeg 960w, https:\/\/dzielmysieusmiechem.pl\/wp-content\/uploads\/2023\/05\/WhatsApp-Image-2020-01-07-at-17.29.503-600x450.jpeg 600w, https:\/\/dzielmysieusmiechem.pl\/wp-content\/uploads\/2023\/05\/WhatsApp-Image-2020-01-07-at-17.29.503-300x225.jpeg 300w, https:\/\/dzielmysieusmiechem.pl\/wp-content\/uploads\/2023\/05\/WhatsApp-Image-2020-01-07-at-17.29.503-768x576.jpeg 768w\" sizes=\"auto, (max-width: 960px) 100vw, 960px\" \/><\/a><\/figure>\n\n<figure class=\"wp-block-image size-large\"><a href=\"https:\/\/dzielmysieusmiechem.pl\/wp-content\/uploads\/2020\/01\/82451118_793687397777717_4057956788559937536_o.jpg\"><img loading=\"lazy\" decoding=\"async\" width=\"957\" height=\"960\" data-id=\"927\" src=\"https:\/\/dzielmysieusmiechem.pl\/\/wp-content\/uploads\/2020\/01\/82451118_793687397777717_4057956788559937536_o.jpg\" alt=\"\" class=\"wp-image-927\" srcset=\"https:\/\/dzielmysieusmiechem.pl\/wp-content\/uploads\/2020\/01\/82451118_793687397777717_4057956788559937536_o.jpg 957w, https:\/\/dzielmysieusmiechem.pl\/wp-content\/uploads\/2020\/01\/82451118_793687397777717_4057956788559937536_o-300x300.jpg 300w, https:\/\/dzielmysieusmiechem.pl\/wp-content\/uploads\/2020\/01\/82451118_793687397777717_4057956788559937536_o-100x100.jpg 100w, https:\/\/dzielmysieusmiechem.pl\/wp-content\/uploads\/2020\/01\/82451118_793687397777717_4057956788559937536_o-600x602.jpg 600w, https:\/\/dzielmysieusmiechem.pl\/wp-content\/uploads\/2020\/01\/82451118_793687397777717_4057956788559937536_o-150x150.jpg 150w, https:\/\/dzielmysieusmiechem.pl\/wp-content\/uploads\/2020\/01\/82451118_793687397777717_4057956788559937536_o-768x770.jpg 768w\" sizes=\"auto, (max-width: 957px) 100vw, 957px\" \/><\/a><\/figure><\/figure>\n\n<figure class=\"wp-block-embed is-type-video is-provider-youtube wp-block-embed-youtube wp-embed-aspect-16-9 wp-has-aspect-ratio\"><div class=\"wp-block-embed__wrapper\">\n<iframe loading=\"lazy\" title=\"Tak si\u0119 to wszystko zacz\u0119\u0142o... I...Taka Tarnowska Dyszka 2018\" width=\"640\" height=\"360\" src=\"https:\/\/www.youtube.com\/embed\/HHg9V_Cl1nE?feature=oembed\" frameborder=\"0\" allow=\"accelerometer; autoplay; clipboard-write; encrypted-media; gyroscope; picture-in-picture; web-share\" referrerpolicy=\"strict-origin-when-cross-origin\" allowfullscreen><\/iframe>\n<\/div><\/figure>\n\t<\/div>\n<\/div>\n<\/div>","protected":false},"excerpt":{"rendered":"<p> [&#8230;]<\/p>\n<p><a class=\"btn btn-secondary understrap-read-more-link\" href=\"https:\/\/dzielmysieusmiechem.pl\/en\/krystek-team\/\">Read More&#8230;<span class=\"screen-reader-text\"> from KRYSTEK TEAM<\/span><\/a><\/p>","protected":false},"author":1,"featured_media":2577,"parent":0,"menu_order":0,"comment_status":"closed","ping_status":"closed","template":"page-templates\/page-narrow.php","meta":{"footnotes":""},"class_list":["post-1524","page","type-page","status-publish","has-post-thumbnail","hentry"],"acf":[],"aioseo_notices":[],"_links":{"self":[{"href":"https:\/\/dzielmysieusmiechem.pl\/en\/wp-json\/wp\/v2\/pages\/1524","targetHints":{"allow":["GET"]}}],"collection":[{"href":"https:\/\/dzielmysieusmiechem.pl\/en\/wp-json\/wp\/v2\/pages"}],"about":[{"href":"https:\/\/dzielmysieusmiechem.pl\/en\/wp-json\/wp\/v2\/types\/page"}],"author":[{"embeddable":true,"href":"https:\/\/dzielmysieusmiechem.pl\/en\/wp-json\/wp\/v2\/users\/1"}],"replies":[{"embeddable":true,"href":"https:\/\/dzielmysieusmiechem.pl\/en\/wp-json\/wp\/v2\/comments?post=1524"}],"version-history":[{"count":10,"href":"https:\/\/dzielmysieusmiechem.pl\/en\/wp-json\/wp\/v2\/pages\/1524\/revisions"}],"predecessor-version":[{"id":2799,"href":"https:\/\/dzielmysieusmiechem.pl\/en\/wp-json\/wp\/v2\/pages\/1524\/revisions\/2799"}],"wp:featuredmedia":[{"embeddable":true,"href":"https:\/\/dzielmysieusmiechem.pl\/en\/wp-json\/wp\/v2\/media\/2577"}],"wp:attachment":[{"href":"https:\/\/dzielmysieusmiechem.pl\/en\/wp-json\/wp\/v2\/media?parent=1524"}],"curies":[{"name":"wp","href":"https:\/\/api.w.org\/{rel}","templated":true}]}}