{"id":1541,"date":"2023-05-06T19:59:52","date_gmt":"2023-05-06T17:59:52","guid":{"rendered":"https:\/\/dzielmysieusmiechem.pl\/?page_id=1541"},"modified":"2026-03-09T15:39:17","modified_gmt":"2026-03-09T14:39:17","slug":"podaruj-procent","status":"publish","type":"page","link":"https:\/\/dzielmysieusmiechem.pl\/en\/chce-pomoc\/podaruj-procent\/","title":{"rendered":"Donate 1.5%"},"content":{"rendered":"<div class=\"wp-bootstrap-blocks-container container mb-2\">\n\t\n<div class=\"wp-bootstrap-blocks-row row\">\n\t\n<div class=\"col-12\">\n\t\t\t\n<h2 class=\"wp-block-heading\">Przeka\u017c 1,5% podatku i pom\u00f3\u017c sportowcom po ci\u0119\u017ckich urazach i kontuzjach!&nbsp;<\/h2>\n\n<p>Wype\u0142niaj\u0105c swoje rozliczenie roczne PIT, wpisz numer KRS Fundacji \u201eDzielmy si\u0119 U\u015bmiechem\u201d im. Krystiana Popieli. Pom\u00f3\u017c nam wspiera\u0107 m\u0142odych sportowc\u00f3w po wypadkach, kontuzjach i chorobach.&nbsp;<\/p>\n\n<h3 class=\"wp-block-heading has-text-align-center\">Foundation's KRS: 0000772682<\/h3>\n\n<p>1,5% Twojego podatku mo\u017ce wiele zmieni\u0107! &nbsp;<\/p>\n\n<div class=\"wp-block-buttons is-content-justification-left is-layout-flex wp-container-core-buttons-is-layout-fc4fd283 wp-block-buttons-is-layout-flex\"><div class=\"wp-block-button is-style-btn-primary\"><a class=\"wp-block-button__link wp-element-button\" href=\"https:\/\/www.pitax.pl\/rozliczenie-pit-online-0000772682\/\">Settle your PIT Online<\/a><\/div>\n\n<div class=\"wp-block-button is-style-btn-secondary\"><a class=\"wp-block-button__link wp-element-button\" href=\"https:\/\/www.podatki.gov.pl\/\">Check and settle your PIT at podatki.gov.pl<\/a><\/div><\/div>\n\n<div style=\"height:1rem\" aria-hidden=\"true\" class=\"wp-block-spacer\"><\/div>\n\n<p><a href=\"https:\/\/dzielmysieusmiechem.pl\/en\/sprawozdania-finansowe\/\" target=\"_blank\" rel=\"noreferrer noopener\">Sprawd\u017a nasze sprawozdania finansowe<\/a>&nbsp;<\/p>\n\n<div style=\"height:2rem\" aria-hidden=\"true\" class=\"wp-block-spacer\"><\/div>\n\n<h3 class=\"wp-block-heading\">Twoja pomoc ma ogromn\u0105 moc!&nbsp;<\/h3>\n\n<p>Wyobra\u017a sobie rozpacz dziecka, kt\u00f3re zawsze marzy\u0142o o tym, by zosta\u0107 pi\u0142karzem, gra\u0107 w siatk\u00f3wk\u0119 albo biega\u0107, ale jego marzenia i plany zosta\u0142y pokrzy\u017cowane przez wypadek, kontuzj\u0119, chorob\u0119 lub\u2026 bardzo z\u0142\u0105 sytuacj\u0119 materialn\u0105. To niesprawiedliwo\u015b\u0107, kt\u00f3r\u0105 mo\u017cna zwalczy\u0107! Wystarczy tylko okaza\u0107 wsparcie i do\u0142o\u017cy\u0107 swoj\u0105 cegie\u0142k\u0119 \u2013 na przyk\u0142ad przekazuj\u0105c 1,5% podatku.&nbsp;<\/p>\n\n<p>Fundacja \u201eDzielmy si\u0119 U\u015bmiechem\u201d ma pod swoj\u0105 opiek\u0105 wielu utalentowanych sportowc\u00f3w, kt\u00f3rych marzenia i plany stan\u0119\u0142y pod znakiem zapytania z powodu chor\u00f3b, wypadk\u00f3w lub kontuzji. Dzi\u0119ki \u015brodkom od naszych darczy\u0144c\u00f3w mo\u017cemy sfinansowa\u0107 dla nich operacje, rehabilitacje i treningi. Dla wielu z nich jest to jedyny spos\u00f3b na powr\u00f3t do pe\u0142nej sprawno\u015bci i szansa na realizacj\u0119 sportowych i \u017cyciowych plan\u00f3w. &nbsp;<\/p>\n\n<figure class=\"wp-block-embed is-type-video is-provider-youtube wp-block-embed-youtube wp-embed-aspect-16-9 wp-has-aspect-ratio\"><div class=\"wp-block-embed__wrapper\">\n<iframe loading=\"lazy\" title=\"1,5 % podatku dla Fundacji Dzielmy si\u0119 U\u015bmiechem im. Krystiana Popieli spot reklamowy\" width=\"640\" height=\"360\" src=\"https:\/\/www.youtube.com\/embed\/ZaundydOeLM?feature=oembed\" frameborder=\"0\" allow=\"accelerometer; autoplay; clipboard-write; encrypted-media; gyroscope; picture-in-picture; web-share\" referrerpolicy=\"strict-origin-when-cross-origin\" allowfullscreen><\/iframe>\n<\/div><\/figure>\n\n<div style=\"height:2rem\" aria-hidden=\"true\" class=\"wp-block-spacer\"><\/div>\n\n<h3 class=\"wp-block-heading\">Dzi\u0119ki Tobie mo\u017cemy realizowa\u0107 nasze cele:&nbsp;<\/h3>\n\n<ul class=\"wp-block-list\"><li>Pomoc sportowcom po ci\u0119\u017ckich urazach w powrocie do sprawno\u015bci fizycznej i mentalnej.&nbsp;<\/li><\/ul>\n\n<ul class=\"wp-block-list\"><li>Organizacja r\u00f3\u017cnorodnych akcji charytatywnych, kt\u00f3re maj\u0105 na celu wsparcie potrzebuj\u0105cych.&nbsp;<\/li><\/ul>\n\n<ul class=\"wp-block-list\"><li>Pomoc niepe\u0142nosprawnej m\u0142odzie\u017cy i paraolimpijczykom w realizacji ich sportowych plan\u00f3w.&nbsp;<\/li><\/ul>\n\n<ul class=\"wp-block-list\"><li>Pomoc dzieciom i m\u0142odzie\u017cy w trudnej sytuacji materialnej w finansowaniu trening\u00f3w, uczestnictwa w obozach, szkoleniach i zgrupowaniach.&nbsp;&nbsp;<\/li><\/ul>\n\n<figure class=\"wp-block-image size-large\"><img loading=\"lazy\" decoding=\"async\" width=\"1024\" height=\"536\" src=\"https:\/\/dzielmysieusmiechem.pl\/wp-content\/uploads\/2025\/01\/Facebook-event-1-1-1024x536.jpg\" alt=\"\" class=\"wp-image-3089\" srcset=\"https:\/\/dzielmysieusmiechem.pl\/wp-content\/uploads\/2025\/01\/Facebook-event-1-1-1024x536.jpg 1024w, https:\/\/dzielmysieusmiechem.pl\/wp-content\/uploads\/2025\/01\/Facebook-event-1-1-300x157.jpg 300w, https:\/\/dzielmysieusmiechem.pl\/wp-content\/uploads\/2025\/01\/Facebook-event-1-1-768x402.jpg 768w, https:\/\/dzielmysieusmiechem.pl\/wp-content\/uploads\/2025\/01\/Facebook-event-1-1-1536x804.jpg 1536w, https:\/\/dzielmysieusmiechem.pl\/wp-content\/uploads\/2025\/01\/Facebook-event-1-1-18x9.jpg 18w, https:\/\/dzielmysieusmiechem.pl\/wp-content\/uploads\/2025\/01\/Facebook-event-1-1-500x262.jpg 500w, https:\/\/dzielmysieusmiechem.pl\/wp-content\/uploads\/2025\/01\/Facebook-event-1-1-800x419.jpg 800w, https:\/\/dzielmysieusmiechem.pl\/wp-content\/uploads\/2025\/01\/Facebook-event-1-1-1280x670.jpg 1280w, https:\/\/dzielmysieusmiechem.pl\/wp-content\/uploads\/2025\/01\/Facebook-event-1-1-600x314.jpg 600w, https:\/\/dzielmysieusmiechem.pl\/wp-content\/uploads\/2025\/01\/Facebook-event-1-1.jpg 1921w\" sizes=\"auto, (max-width: 1024px) 100vw, 1024px\" \/><\/figure>\n\n<p><\/p>\n\n<p><\/p>\n\n<p><\/p>\n\n<p><strong>Do kiedy mog\u0119 rozliczy\u0107 PIT za 2025 rok?<\/strong><\/p>\n\n<p>Na rozliczenie PIT\u00f3w: PIT-28, PIT-36, PIT-36L, PIT-37, PIT-38 masz czas do 30 kwietnia 2026 r.<\/p>\n\n<p><\/p>\n\n<p>Na zap\u0142at\u0119 podatku z\u00a0PIT-28, PIT-37, PIT-36, PIT-36L, PIT-38 oraz PIT-39<strong>\u00a0mamy czas do 30 kwietnia 2026 r.<\/strong><\/p>\n\n<p><\/p>\n\n<p><strong>Rozlicz PIT za 2025 rok korzystaj\u0105c z bezp\u0142atnych formularzy i przeka\u017c 1,5% dla Fundacji\u00a0\u201eDzielmy si\u0119 U\u015bmiechem\u201d<\/strong><\/p>\n\n<p><\/p>\n\n<p><strong>Przeka\u017c 1,5% podatku Fundacji \u201eDzielmy si\u0119 U\u015bmiechem\u201d \u2013 w rozliczeniu rocznym PIT podaj nasz numer KRS 0000772682.&nbsp;<\/strong><\/p>\n\n<p><strong>Jak rozliczy\u0107 PIT za\u00a02025 rok i przekaza\u0107 1.5% na cel charytatywny?\u00a0<\/strong><\/p>\n\n<p><\/p>\n\n<p><strong>1.&nbsp;Skorzystaj z naszego&nbsp;programu do rozliczenia PIT<\/strong>, kt\u00f3ry znajduje si\u0119 poni\u017cej &#8221; Rozlicz PIT online&#8221;<\/p>\n\n<p>Darmowy Program PIT dostarcza&nbsp;<a href=\"https:\/\/www.iwop.pl\/\">Instytut Wsparcia Organizacji Pozarz\u0105dowych<\/a>&nbsp;w ramach projektu&nbsp;<a href=\"https:\/\/www.pitax.pl\/\">PITax.pl<\/a>&nbsp;dla OPP. Dzi\u0119ki temu programowi, w kilku prostych krokach oraz w bezpieczny spos\u00f3b wype\u0142nisz sw\u00f3j formularz zeznania podatkowego. Rozliczenia mo\u017cna dokona\u0107 klikaj\u0105c w aktywn\u0105 ikon\u0119 &#8221; Rozlicz PIT online&#8221; poni\u017cej. <\/p>\n\n<p><\/p>\n\n<p><strong>2. Rozlicz deklaracj\u0119 za pomoc\u0105 rz\u0105dowej us\u0142ugi Tw\u00f3j e-PIT<\/strong><\/p>\n\n<p>Tw\u00f3j e-PIT to prosty spos\u00f3b na rozliczenie podatk\u00f3w, zeznania podatkowe wype\u0142nia za nas wst\u0119pnie i sprawnie Urz\u0105d Skarbowy. My musimy je sprawdzi\u0107, potwierdzi\u0107 lub skorygowa\u0107 je\u015bli zajdzie taka konieczno\u015b\u0107. Twoje zeznanie roczne,\u00a0b\u0119dzie dost\u0119pne w Portalu Podatnika od 15 lutego do 30 kwietnia\u00a02026\u00a0r. Zaloguj si\u0119 do\u00a0<a href=\"https:\/\/www.podatki.gov.pl\/pit\/twoj-e-pit\/\"><strong>e-Urz\u0119du Skarbowego<\/strong><\/a>, uzupe\u0142nij wszystkie dane i w pozycji \u201eWniosek o przekazanie 1,5% podatku nale\u017cnego na rzecz OPP\u201d wybierz Fundacj\u0119 <strong>\u201eDzielmy si\u0119 U\u015bmiechem\u201d<\/strong>, wpisuj\u0105c nr\u00a0<strong>KRS:\u00a00000772682<\/strong>. Mo\u017cesz tak\u017ce wyszuka\u0107 Fundacje po nazwie.\u00a0<\/p>\n\n<p>Podobnie jak w poprzednich latach, po zalogowaniu mo\u017cesz szczeg\u00f3\u0142owo sprawdzi\u0107 i zweryfikowa\u0107 deklaracje przygotowane przez administracj\u0119 skarbow\u0105. Masz r\u00f3wnie\u017c mo\u017cliwo\u015b\u0107 ich edycji, np. zmieniaj\u0105c form\u0119 rozliczenia z indywidualnej na wsp\u00f3ln\u0105 z ma\u0142\u017conkiem lub wpisuj\u0105c kwoty ulg podatkowych, z kt\u00f3rych planujesz skorzysta\u0107.<\/p>\n\n<ul class=\"wp-block-list\"><li>Wype\u0142nij odpowiedni formularz PIT, podaj\u0105c w wyznaczonej rubryce numer KRS: 0000772682 oraz kwot\u0119 odpowiadaj\u0105c\u0105 1,5% Twojego podatku.<\/li>\n\n<li>Emeryci i renci\u015bci, kt\u00f3rzy chc\u0105 przekaza\u0107 1,5% podatku na rzecz Fundacji , mog\u0105 wype\u0142ni\u0107 formularz PIT-OP, wpisuj\u0105c w punkcie 9 numer KRS: 0000772682, a nast\u0119pnie przes\u0142a\u0107 go do swojego Urz\u0119du Skarbowego.<\/li><\/ul>\n\n<p>Do e-Urz\u0119du Skarbowego mo\u017cesz zalogowa\u0107 si\u0119 na jeden z trzech sposob\u00f3w:<\/p>\n\n<ul class=\"wp-block-list\"><li><strong>Za pomoc\u0105 &nbsp;<a href=\"https:\/\/pz.gov.pl\/\">profilu zaufanego<\/a>&nbsp;<\/strong>&nbsp;\u2013 dost\u0119pnego m.in. poprzez Tw\u00f3j bank lub z wykorzystaniem e-dowodu osobistego.<\/li>\n\n<li><strong>Podaj\u0105c numer PESEL<\/strong>&nbsp;oraz dane autoryzacyjne, np. kwot\u0119 przychodu z poprzednich lat, je\u015bli nie posiadasz profilu zaufanego.<\/li>\n\n<li><strong>Korzystaj\u0105c z aplikacji mobilnej <a href=\"https:\/\/www.gov.pl\/web\/mobywatel\">mObywatel&nbsp;<\/a><\/strong>.<\/li><\/ul>\n\n<p>Po zalogowaniu wystarczy przej\u015b\u0107 do zak\u0142adki \u201eTw\u00f3j e-PIT\u201d.<\/p>\n\n<p><\/p>\n\n<p><strong>3. Rozlicz podatek samodzielnie, wype\u0142niaj\u0105c formularze PIT<\/strong><\/p>\n\n<p><br>Innym sposobem rozliczenia si\u0119 z Urz\u0119dem Skarbowym jest samodzielne wype\u0142nienie formularzy PIT. Wype\u0142nione deklaracje mo\u017cesz dostarczy\u0107 osobi\u015bcie do Urz\u0119du Skarbowego lub wys\u0142a\u0107 za po\u015brednictwem poczty tradycyjnej.<\/p>\n\n<p><\/p>\n\n<p><strong>Przeka\u017c 1,5% podatku Fundacji \u201eDzielmy si\u0119 U\u015bmiechem\u201d \u2013 w rozliczeniu rocznym PIT podaj nasz numer KRS 0000772682.<\/strong><\/p>\n\n<div class=\"wp-block-buttons is-content-justification-center is-layout-flex wp-container-core-buttons-is-layout-a89b3969 wp-block-buttons-is-layout-flex\"><div class=\"wp-block-button is-style-btn-primary\"><a class=\"wp-block-button__link wp-element-button\" href=\"https:\/\/www.pitax.pl\/rozliczenie-pit-online-0000772682\/\">Settle your PIT Online<\/a><\/div>\n\n<div class=\"wp-block-button is-style-btn-secondary\"><a class=\"wp-block-button__link wp-element-button\" href=\"https:\/\/www.podatki.gov.pl\/\">Check and settle your PIT at podatki.gov.pl<\/a><\/div><\/div>\n\t<\/div>\n<\/div>\n<\/div><p><\/p>","protected":false},"excerpt":{"rendered":"<p> [&#8230;]<\/p>\n<p><a class=\"btn btn-secondary understrap-read-more-link\" href=\"https:\/\/dzielmysieusmiechem.pl\/en\/chce-pomoc\/podaruj-procent\/\">Read More&#8230;<span class=\"screen-reader-text\"> from Podaruj 1.5%<\/span><\/a><\/p>","protected":false},"author":1,"featured_media":3080,"parent":1485,"menu_order":0,"comment_status":"closed","ping_status":"closed","template":"page-templates\/page-narrow.php","meta":{"footnotes":""},"class_list":["post-1541","page","type-page","status-publish","has-post-thumbnail","hentry"],"acf":[],"aioseo_notices":[],"_links":{"self":[{"href":"https:\/\/dzielmysieusmiechem.pl\/en\/wp-json\/wp\/v2\/pages\/1541","targetHints":{"allow":["GET"]}}],"collection":[{"href":"https:\/\/dzielmysieusmiechem.pl\/en\/wp-json\/wp\/v2\/pages"}],"about":[{"href":"https:\/\/dzielmysieusmiechem.pl\/en\/wp-json\/wp\/v2\/types\/page"}],"author":[{"embeddable":true,"href":"https:\/\/dzielmysieusmiechem.pl\/en\/wp-json\/wp\/v2\/users\/1"}],"replies":[{"embeddable":true,"href":"https:\/\/dzielmysieusmiechem.pl\/en\/wp-json\/wp\/v2\/comments?post=1541"}],"version-history":[{"count":32,"href":"https:\/\/dzielmysieusmiechem.pl\/en\/wp-json\/wp\/v2\/pages\/1541\/revisions"}],"predecessor-version":[{"id":4649,"href":"https:\/\/dzielmysieusmiechem.pl\/en\/wp-json\/wp\/v2\/pages\/1541\/revisions\/4649"}],"up":[{"embeddable":true,"href":"https:\/\/dzielmysieusmiechem.pl\/en\/wp-json\/wp\/v2\/pages\/1485"}],"wp:featuredmedia":[{"embeddable":true,"href":"https:\/\/dzielmysieusmiechem.pl\/en\/wp-json\/wp\/v2\/media\/3080"}],"wp:attachment":[{"href":"https:\/\/dzielmysieusmiechem.pl\/en\/wp-json\/wp\/v2\/media?parent=1541"}],"curies":[{"name":"wp","href":"https:\/\/api.w.org\/{rel}","templated":true}]}}