{"id":1545,"date":"2023-05-06T20:00:30","date_gmt":"2023-05-06T18:00:30","guid":{"rendered":"https:\/\/dzielmysieusmiechem.pl\/?page_id=1545"},"modified":"2023-05-18T23:16:12","modified_gmt":"2023-05-18T21:16:12","slug":"wplata-online","status":"publish","type":"page","link":"https:\/\/dzielmysieusmiechem.pl\/en\/wplata-online\/","title":{"rendered":"Online payment"},"content":{"rendered":"<p>Your online payment is not only financial support, but also a sign that you want to help and act for the benefit of others. Thank you very much for every donation and support for our mission.<\/p>","protected":false},"excerpt":{"rendered":"<p>Twoja wp\u0142ata online to nie tylko finansowe wsparcie, ale r\u00f3wnie\u017c znak, \u017ce chcesz pomaga\u0107 i dzia\u0142a\u0107 na rzecz innych. Serdecznie dzi\u0119kujemy za ka\u017cd\u0105 wp\u0142at\u0119 i wsparcie naszej misji. [&#8230;]<\/p>\n<p><a class=\"btn btn-secondary understrap-read-more-link\" href=\"https:\/\/dzielmysieusmiechem.pl\/en\/wplata-online\/\">Read More&#8230;<span class=\"screen-reader-text\"> from Wp\u0142ata online<\/span><\/a><\/p>","protected":false},"author":1,"featured_media":0,"parent":0,"menu_order":0,"comment_status":"closed","ping_status":"closed","template":"page-wsparcie.php","meta":{"footnotes":""},"class_list":["post-1545","page","type-page","status-publish","hentry"],"acf":[],"aioseo_notices":[],"_links":{"self":[{"href":"https:\/\/dzielmysieusmiechem.pl\/en\/wp-json\/wp\/v2\/pages\/1545","targetHints":{"allow":["GET"]}}],"collection":[{"href":"https:\/\/dzielmysieusmiechem.pl\/en\/wp-json\/wp\/v2\/pages"}],"about":[{"href":"https:\/\/dzielmysieusmiechem.pl\/en\/wp-json\/wp\/v2\/types\/page"}],"author":[{"embeddable":true,"href":"https:\/\/dzielmysieusmiechem.pl\/en\/wp-json\/wp\/v2\/users\/1"}],"replies":[{"embeddable":true,"href":"https:\/\/dzielmysieusmiechem.pl\/en\/wp-json\/wp\/v2\/comments?post=1545"}],"version-history":[{"count":5,"href":"https:\/\/dzielmysieusmiechem.pl\/en\/wp-json\/wp\/v2\/pages\/1545\/revisions"}],"predecessor-version":[{"id":2921,"href":"https:\/\/dzielmysieusmiechem.pl\/en\/wp-json\/wp\/v2\/pages\/1545\/revisions\/2921"}],"wp:attachment":[{"href":"https:\/\/dzielmysieusmiechem.pl\/en\/wp-json\/wp\/v2\/media?parent=1545"}],"curies":[{"name":"wp","href":"https:\/\/api.w.org\/{rel}","templated":true}]}}