{"id":1547,"date":"2023-05-06T20:00:46","date_gmt":"2023-05-06T18:00:46","guid":{"rendered":"https:\/\/dzielmysieusmiechem.pl\/?page_id=1547"},"modified":"2024-10-19T10:53:45","modified_gmt":"2024-10-19T08:53:45","slug":"wplac-na-konto","status":"publish","type":"page","link":"https:\/\/dzielmysieusmiechem.pl\/en\/chce-pomoc\/wplac-na-konto\/","title":{"rendered":"Bank transfer"},"content":{"rendered":"<div class=\"wp-bootstrap-blocks-container container mb-2\">\n\t\n<div class=\"wp-bootstrap-blocks-row row\">\n\t\n<div class=\"col-12\">\n\t\t\t\n<p><strong>Mo\u017cesz wesprze\u0107 naszych podopiecznych dokonuj\u0105c wp\u0142aty na konto bankowe.<\/strong><\/p>\n\n<p><strong>Ma\u0142opolski Bank Sp\u00f3\u0142dzielczy<\/strong><br>PL: 30 8619 0006 0010 0435 2624 0001<br>SWIFT: POLUPLPR<\/p>\n\t<\/div>\n<\/div>\n<\/div>","protected":false},"excerpt":{"rendered":"<p> [&#8230;]<\/p>\n<p><a class=\"btn btn-secondary understrap-read-more-link\" href=\"https:\/\/dzielmysieusmiechem.pl\/en\/chce-pomoc\/wplac-na-konto\/\">Read More&#8230;<span class=\"screen-reader-text\"> from Wp\u0142ata na Konto<\/span><\/a><\/p>","protected":false},"author":1,"featured_media":1621,"parent":1485,"menu_order":0,"comment_status":"closed","ping_status":"closed","template":"page-templates\/page-narrow.php","meta":{"footnotes":""},"class_list":["post-1547","page","type-page","status-publish","has-post-thumbnail","hentry"],"acf":[],"aioseo_notices":[],"_links":{"self":[{"href":"https:\/\/dzielmysieusmiechem.pl\/en\/wp-json\/wp\/v2\/pages\/1547","targetHints":{"allow":["GET"]}}],"collection":[{"href":"https:\/\/dzielmysieusmiechem.pl\/en\/wp-json\/wp\/v2\/pages"}],"about":[{"href":"https:\/\/dzielmysieusmiechem.pl\/en\/wp-json\/wp\/v2\/types\/page"}],"author":[{"embeddable":true,"href":"https:\/\/dzielmysieusmiechem.pl\/en\/wp-json\/wp\/v2\/users\/1"}],"replies":[{"embeddable":true,"href":"https:\/\/dzielmysieusmiechem.pl\/en\/wp-json\/wp\/v2\/comments?post=1547"}],"version-history":[{"count":5,"href":"https:\/\/dzielmysieusmiechem.pl\/en\/wp-json\/wp\/v2\/pages\/1547\/revisions"}],"predecessor-version":[{"id":2585,"href":"https:\/\/dzielmysieusmiechem.pl\/en\/wp-json\/wp\/v2\/pages\/1547\/revisions\/2585"}],"up":[{"embeddable":true,"href":"https:\/\/dzielmysieusmiechem.pl\/en\/wp-json\/wp\/v2\/pages\/1485"}],"wp:featuredmedia":[{"embeddable":true,"href":"https:\/\/dzielmysieusmiechem.pl\/en\/wp-json\/wp\/v2\/media\/1621"}],"wp:attachment":[{"href":"https:\/\/dzielmysieusmiechem.pl\/en\/wp-json\/wp\/v2\/media?parent=1547"}],"curies":[{"name":"wp","href":"https:\/\/api.w.org\/{rel}","templated":true}]}}