{"id":1717,"date":"2023-05-15T18:04:43","date_gmt":"2023-05-15T16:04:43","guid":{"rendered":"https:\/\/dzielmysieusmiechem.pl\/?page_id=1717"},"modified":"2024-06-27T18:00:58","modified_gmt":"2024-06-27T16:00:58","slug":"charytatywny-bal-z-usmiechem","status":"publish","type":"page","link":"https:\/\/dzielmysieusmiechem.pl\/en\/charytatywny-bal-z-usmiechem\/","title":{"rendered":"CHARITY BALL WITH A SMILE"},"content":{"rendered":"<p>One of the most important events we organize every year is our Charity Ball. This is a unique opportunity during which we raise funds to support our students.<\/p><p> At this unique ball, souvenirs of famous people from the world of sports are auctioned, such as T-shirts, paintings, balls, gadgets, trips and much more. Thanks to the generosity of our donors and the presence of famous athletes, our Charity Ball becomes a real event.<\/p><p>Over the last few years, we have hosted such personalities as Jerzy Dudek, Grzegorz Duda, Krzysztof Ignaczak, Grzegorz Lato and many others among our participants and auctioned souvenirs. Their presence not only adds splendor to our Charity Ball, but above all helps us raise funds for further activities of the foundation.<\/p><p>Thanks to the funds collected, we can provide our patients with appropriate medical care, rehabilitation and psychological and spiritual support. Our foundation is committed to comprehensive assistance so that athletes after injuries can return to training and competing at the highest level.<\/p><p>We work not only to help athletes recover, but also to promote the idea of \u200b\u200bmutual support and solidarity. Our events are not only an opportunity to raise funds, but also to build a sports community and give hope to others.<\/p><p>We cordially invite you to participate in our Charity Ball and support our activities. Together we can change the lives of athletes after injuries and give them a chance for new, successful chapters.<\/p><figure class=\"wp-block-image size-large\"><img loading=\"lazy\" decoding=\"async\" width=\"1024\" height=\"683\" src=\"https:\/\/dzielmysieusmiechem.pl\/wp-content\/uploads\/2023\/02\/E90A0828-scaled-1-1024x683.jpg\" alt=\"\" class=\"wp-image-1383\" srcset=\"https:\/\/dzielmysieusmiechem.pl\/wp-content\/uploads\/2023\/02\/E90A0828-scaled-1-1024x683.jpg 1024w, https:\/\/dzielmysieusmiechem.pl\/wp-content\/uploads\/2023\/02\/E90A0828-scaled-1-600x400.jpg 600w, https:\/\/dzielmysieusmiechem.pl\/wp-content\/uploads\/2023\/02\/E90A0828-scaled-1-300x200.jpg 300w, https:\/\/dzielmysieusmiechem.pl\/wp-content\/uploads\/2023\/02\/E90A0828-scaled-1-768x512.jpg 768w, https:\/\/dzielmysieusmiechem.pl\/wp-content\/uploads\/2023\/02\/E90A0828-scaled-1-1536x1024.jpg 1536w, https:\/\/dzielmysieusmiechem.pl\/wp-content\/uploads\/2023\/02\/E90A0828-scaled-1-2048x1366.jpg 2048w\" sizes=\"auto, (max-width: 1024px) 100vw, 1024px\" \/><\/figure><figure class=\"wp-block-image size-large\"><img loading=\"lazy\" decoding=\"async\" width=\"1024\" height=\"683\" src=\"https:\/\/dzielmysieusmiechem.pl\/wp-content\/uploads\/2023\/02\/E90A0904-scaled-1-1024x683.jpg\" alt=\"\" class=\"wp-image-1398\" srcset=\"https:\/\/dzielmysieusmiechem.pl\/wp-content\/uploads\/2023\/02\/E90A0904-scaled-1-1024x683.jpg 1024w, https:\/\/dzielmysieusmiechem.pl\/wp-content\/uploads\/2023\/02\/E90A0904-scaled-1-600x400.jpg 600w, https:\/\/dzielmysieusmiechem.pl\/wp-content\/uploads\/2023\/02\/E90A0904-scaled-1-300x200.jpg 300w, https:\/\/dzielmysieusmiechem.pl\/wp-content\/uploads\/2023\/02\/E90A0904-scaled-1-768x512.jpg 768w, https:\/\/dzielmysieusmiechem.pl\/wp-content\/uploads\/2023\/02\/E90A0904-scaled-1-1536x1024.jpg 1536w, https:\/\/dzielmysieusmiechem.pl\/wp-content\/uploads\/2023\/02\/E90A0904-scaled-1-2048x1366.jpg 2048w\" sizes=\"auto, (max-width: 1024px) 100vw, 1024px\" \/><\/figure><figure class=\"wp-block-image size-large\"><img loading=\"lazy\" decoding=\"async\" width=\"683\" height=\"1024\" src=\"https:\/\/dzielmysieusmiechem.pl\/wp-content\/uploads\/2023\/02\/E90A0268-scaled-1-683x1024.jpg\" alt=\"\" class=\"wp-image-1392\" srcset=\"https:\/\/dzielmysieusmiechem.pl\/wp-content\/uploads\/2023\/02\/E90A0268-scaled-1-683x1024.jpg 683w, https:\/\/dzielmysieusmiechem.pl\/wp-content\/uploads\/2023\/02\/E90A0268-scaled-1-600x900.jpg 600w, https:\/\/dzielmysieusmiechem.pl\/wp-content\/uploads\/2023\/02\/E90A0268-scaled-1-200x300.jpg 200w, https:\/\/dzielmysieusmiechem.pl\/wp-content\/uploads\/2023\/02\/E90A0268-scaled-1-768x1152.jpg 768w, https:\/\/dzielmysieusmiechem.pl\/wp-content\/uploads\/2023\/02\/E90A0268-scaled-1-1024x1536.jpg 1024w, https:\/\/dzielmysieusmiechem.pl\/wp-content\/uploads\/2023\/02\/E90A0268-scaled-1-1366x2048.jpg 1366w, https:\/\/dzielmysieusmiechem.pl\/wp-content\/uploads\/2023\/02\/E90A0268-scaled-1.jpg 1707w\" sizes=\"auto, (max-width: 683px) 100vw, 683px\" \/><\/figure>","protected":false},"excerpt":{"rendered":"<p>Jednym z najwa\u017cniejszych wydarze\u0144 organizowanych przez nas corocznie jest nasz Bal Charytatywny. To wyj\u0105tkowa okazja, podczas kt\u00f3rej zbieramy \u015brodki na wsparcie naszych podopiecznych. Na tym wyj\u0105tkowym balu licytowane s\u0105 pami\u0105tki znanych os\u00f3b ze \u015bwiata sportu, takie jak koszulki, obrazy, pi\u0142ki, gad\u017cety, wycieczki i wiele innych. Dzi\u0119ki hojno\u015bci naszych darczy\u0144c\u00f3w oraz obecno\u015bci znanych sportowc\u00f3w, nasz Bal [&#8230;]<\/p>\n<p><a class=\"btn btn-secondary understrap-read-more-link\" href=\"https:\/\/dzielmysieusmiechem.pl\/en\/charytatywny-bal-z-usmiechem\/\">Read More&#8230;<span class=\"screen-reader-text\"> from CHARYTATYWNY BAL Z U\u015aMIECHEM<\/span><\/a><\/p>","protected":false},"author":1,"featured_media":0,"parent":0,"menu_order":0,"comment_status":"closed","ping_status":"closed","template":"","meta":{"footnotes":""},"class_list":["post-1717","page","type-page","status-publish","hentry"],"acf":[],"aioseo_notices":[],"_links":{"self":[{"href":"https:\/\/dzielmysieusmiechem.pl\/en\/wp-json\/wp\/v2\/pages\/1717","targetHints":{"allow":["GET"]}}],"collection":[{"href":"https:\/\/dzielmysieusmiechem.pl\/en\/wp-json\/wp\/v2\/pages"}],"about":[{"href":"https:\/\/dzielmysieusmiechem.pl\/en\/wp-json\/wp\/v2\/types\/page"}],"author":[{"embeddable":true,"href":"https:\/\/dzielmysieusmiechem.pl\/en\/wp-json\/wp\/v2\/users\/1"}],"replies":[{"embeddable":true,"href":"https:\/\/dzielmysieusmiechem.pl\/en\/wp-json\/wp\/v2\/comments?post=1717"}],"version-history":[{"count":7,"href":"https:\/\/dzielmysieusmiechem.pl\/en\/wp-json\/wp\/v2\/pages\/1717\/revisions"}],"predecessor-version":[{"id":1849,"href":"https:\/\/dzielmysieusmiechem.pl\/en\/wp-json\/wp\/v2\/pages\/1717\/revisions\/1849"}],"wp:attachment":[{"href":"https:\/\/dzielmysieusmiechem.pl\/en\/wp-json\/wp\/v2\/media?parent=1717"}],"curies":[{"name":"wp","href":"https:\/\/api.w.org\/{rel}","templated":true}]}}