{"id":1721,"date":"2023-05-15T18:06:03","date_gmt":"2023-05-15T16:06:03","guid":{"rendered":"https:\/\/dzielmysieusmiechem.pl\/?page_id=1721"},"modified":"2024-06-27T10:37:42","modified_gmt":"2024-06-27T08:37:42","slug":"nie-przechodzimy-obojetnie","status":"publish","type":"page","link":"https:\/\/dzielmysieusmiechem.pl\/en\/nie-przechodzimy-obojetnie\/","title":{"rendered":"Nie Przechodzimy Oboj\u0119tnie"},"content":{"rendered":"<div class=\"wp-bootstrap-blocks-container container mb-2\">\n\t\n<div class=\"wp-bootstrap-blocks-row row\">\n\t\n<div class=\"col-12\">\n\t\t\t\n<p>Nasza dzia\u0142alno\u015b\u0107 nie ko\u0144czy si\u0119 na pomocy, tylko sportowcom.\u00a0<\/p>\n\n<p>We are not indifferent to other sufferings. We support various charity campaigns, help those in need, and engage in social projects. We believe that every help, every kind word and gesture can change someone's life for the better.<\/p>\n\n<p>In the face of Russia's barbaric aggression against Ukraine, we helped our Ukrainian brothers.<\/p>\n\n<p>There were 27 people under the Foundation's constant care - including 19 children and 1 dog. In the house where they lived, we collected all the necessary things (including clothes, food, cleaning products, toys, etc.) to make it easier for them to adapt to the new conditions they faced.<\/p>\n\t<\/div>\n<\/div>\n<\/div>","protected":false},"excerpt":{"rendered":"<p> [&#8230;]<\/p>\n<p><a class=\"btn btn-secondary understrap-read-more-link\" href=\"https:\/\/dzielmysieusmiechem.pl\/en\/nie-przechodzimy-obojetnie\/\">Read More&#8230;<span class=\"screen-reader-text\"> from Nie Przechodzimy Oboj\u0119tnie<\/span><\/a><\/p>","protected":false},"author":1,"featured_media":2577,"parent":0,"menu_order":0,"comment_status":"closed","ping_status":"closed","template":"page-templates\/page-narrow.php","meta":{"footnotes":""},"class_list":["post-1721","page","type-page","status-publish","has-post-thumbnail","hentry"],"acf":[],"aioseo_notices":[],"_links":{"self":[{"href":"https:\/\/dzielmysieusmiechem.pl\/en\/wp-json\/wp\/v2\/pages\/1721","targetHints":{"allow":["GET"]}}],"collection":[{"href":"https:\/\/dzielmysieusmiechem.pl\/en\/wp-json\/wp\/v2\/pages"}],"about":[{"href":"https:\/\/dzielmysieusmiechem.pl\/en\/wp-json\/wp\/v2\/types\/page"}],"author":[{"embeddable":true,"href":"https:\/\/dzielmysieusmiechem.pl\/en\/wp-json\/wp\/v2\/users\/1"}],"replies":[{"embeddable":true,"href":"https:\/\/dzielmysieusmiechem.pl\/en\/wp-json\/wp\/v2\/comments?post=1721"}],"version-history":[{"count":6,"href":"https:\/\/dzielmysieusmiechem.pl\/en\/wp-json\/wp\/v2\/pages\/1721\/revisions"}],"predecessor-version":[{"id":2625,"href":"https:\/\/dzielmysieusmiechem.pl\/en\/wp-json\/wp\/v2\/pages\/1721\/revisions\/2625"}],"wp:featuredmedia":[{"embeddable":true,"href":"https:\/\/dzielmysieusmiechem.pl\/en\/wp-json\/wp\/v2\/media\/2577"}],"wp:attachment":[{"href":"https:\/\/dzielmysieusmiechem.pl\/en\/wp-json\/wp\/v2\/media?parent=1721"}],"curies":[{"name":"wp","href":"https:\/\/api.w.org\/{rel}","templated":true}]}}