{"id":1725,"date":"2023-05-15T18:06:37","date_gmt":"2023-05-15T16:06:37","guid":{"rendered":"https:\/\/dzielmysieusmiechem.pl\/?page_id=1725"},"modified":"2024-06-27T18:02:36","modified_gmt":"2024-06-27T16:02:36","slug":"memorial","status":"publish","type":"page","link":"https:\/\/dzielmysieusmiechem.pl\/en\/memorial\/","title":{"rendered":"MEMORIAL"},"content":{"rendered":"<p>In tribute to our house's namesake - Krystian Popiel<\/p><p>Krystian Popiel's memorial is not only a way for us to honor his memory, but also to continue his mission and the values \u200b\u200bhe represented. It was primarily the strength of the fight and the constant smile.<\/p><p> The Let's Share a Smile Foundation was created to help athletes recover and compete in sports after serious injuries. This is our way of paying tribute to Krystian and making his dreams come true.<\/p><p>During the Memorial, we organize a football tournament that brings together both professional athletes and football enthusiasts. This is a unique opportunity to unite around a common goal and show how sport can unite people and give strength and hope.<\/p><p>Thanks to the proceeds from the Krystian Popiel Memorial, we can support our patients by offering them comprehensive medical assistance, rehabilitation, psychological support and access to the necessary equipment. We believe that every athlete deserves a chance to recover and realize their sports dreams.<\/p><figure class=\"wp-block-image size-large\"><img loading=\"lazy\" decoding=\"async\" width=\"1024\" height=\"683\" src=\"https:\/\/dzielmysieusmiechem.pl\/wp-content\/uploads\/2020\/01\/DSC_0345-1-scaled-1-1024x683.jpg\" alt=\"\" class=\"wp-image-1021\" srcset=\"https:\/\/dzielmysieusmiechem.pl\/wp-content\/uploads\/2020\/01\/DSC_0345-1-scaled-1-1024x683.jpg 1024w, https:\/\/dzielmysieusmiechem.pl\/wp-content\/uploads\/2020\/01\/DSC_0345-1-scaled-1-600x400.jpg 600w, https:\/\/dzielmysieusmiechem.pl\/wp-content\/uploads\/2020\/01\/DSC_0345-1-scaled-1-300x200.jpg 300w, https:\/\/dzielmysieusmiechem.pl\/wp-content\/uploads\/2020\/01\/DSC_0345-1-scaled-1-768x512.jpg 768w, https:\/\/dzielmysieusmiechem.pl\/wp-content\/uploads\/2020\/01\/DSC_0345-1-scaled-1-1536x1025.jpg 1536w, https:\/\/dzielmysieusmiechem.pl\/wp-content\/uploads\/2020\/01\/DSC_0345-1-scaled-1-2048x1366.jpg 2048w\" sizes=\"auto, (max-width: 1024px) 100vw, 1024px\" \/><\/figure><figure class=\"wp-block-image size-large\"><img loading=\"lazy\" decoding=\"async\" width=\"1024\" height=\"683\" src=\"https:\/\/dzielmysieusmiechem.pl\/wp-content\/uploads\/2020\/01\/DSC_2000-1-scaled-1-1024x683.jpg\" alt=\"\" class=\"wp-image-1024\" srcset=\"https:\/\/dzielmysieusmiechem.pl\/wp-content\/uploads\/2020\/01\/DSC_2000-1-scaled-1-1024x683.jpg 1024w, https:\/\/dzielmysieusmiechem.pl\/wp-content\/uploads\/2020\/01\/DSC_2000-1-scaled-1-600x400.jpg 600w, https:\/\/dzielmysieusmiechem.pl\/wp-content\/uploads\/2020\/01\/DSC_2000-1-scaled-1-300x200.jpg 300w, https:\/\/dzielmysieusmiechem.pl\/wp-content\/uploads\/2020\/01\/DSC_2000-1-scaled-1-768x512.jpg 768w, https:\/\/dzielmysieusmiechem.pl\/wp-content\/uploads\/2020\/01\/DSC_2000-1-scaled-1-1536x1024.jpg 1536w, https:\/\/dzielmysieusmiechem.pl\/wp-content\/uploads\/2020\/01\/DSC_2000-1-scaled-1-2048x1366.jpg 2048w\" sizes=\"auto, (max-width: 1024px) 100vw, 1024px\" \/><\/figure>","protected":false},"excerpt":{"rendered":"<p>W ho\u0142dzie dla naszego niezapomnianego imiennika &#8211; Krystiana Popieli Memoria\u0142 Krystiana Popieli jest dla nas nie tylko sposobem na uczczenie jego pami\u0119ci, ale r\u00f3wnie\u017c na kontynuacj\u0119 jego misji i warto\u015bci, kt\u00f3re reprezentowa\u0142. By\u0142a to przede wszystkim si\u0142a walki oraz nieustaj\u0105cy u\u015bmiech. Fundacja Dzielmy si\u0119 U\u015bmiechem zosta\u0142a stworzona po to, aby pomaga\u0107 sportowcom po ci\u0119\u017ckich kontuzjach [&#8230;]<\/p>\n<p><a class=\"btn btn-secondary understrap-read-more-link\" href=\"https:\/\/dzielmysieusmiechem.pl\/en\/memorial\/\">Read More&#8230;<span class=\"screen-reader-text\"> from MEMORIA\u0141<\/span><\/a><\/p>","protected":false},"author":1,"featured_media":0,"parent":0,"menu_order":0,"comment_status":"closed","ping_status":"closed","template":"","meta":{"footnotes":""},"class_list":["post-1725","page","type-page","status-publish","hentry"],"acf":[],"aioseo_notices":[],"_links":{"self":[{"href":"https:\/\/dzielmysieusmiechem.pl\/en\/wp-json\/wp\/v2\/pages\/1725","targetHints":{"allow":["GET"]}}],"collection":[{"href":"https:\/\/dzielmysieusmiechem.pl\/en\/wp-json\/wp\/v2\/pages"}],"about":[{"href":"https:\/\/dzielmysieusmiechem.pl\/en\/wp-json\/wp\/v2\/types\/page"}],"author":[{"embeddable":true,"href":"https:\/\/dzielmysieusmiechem.pl\/en\/wp-json\/wp\/v2\/users\/1"}],"replies":[{"embeddable":true,"href":"https:\/\/dzielmysieusmiechem.pl\/en\/wp-json\/wp\/v2\/comments?post=1725"}],"version-history":[{"count":5,"href":"https:\/\/dzielmysieusmiechem.pl\/en\/wp-json\/wp\/v2\/pages\/1725\/revisions"}],"predecessor-version":[{"id":1855,"href":"https:\/\/dzielmysieusmiechem.pl\/en\/wp-json\/wp\/v2\/pages\/1725\/revisions\/1855"}],"wp:attachment":[{"href":"https:\/\/dzielmysieusmiechem.pl\/en\/wp-json\/wp\/v2\/media?parent=1725"}],"curies":[{"name":"wp","href":"https:\/\/api.w.org\/{rel}","templated":true}]}}