{"id":1728,"date":"2023-05-15T18:07:24","date_gmt":"2023-05-15T16:07:24","guid":{"rendered":"https:\/\/dzielmysieusmiechem.pl\/?page_id=1728"},"modified":"2024-06-27T18:02:28","modified_gmt":"2024-06-27T16:02:28","slug":"krystek-team-gang-korony","status":"publish","type":"page","link":"https:\/\/dzielmysieusmiechem.pl\/en\/krystek-team-gang-korony\/","title":{"rendered":"KRYSTEK TEAM \u2013 THE GANG OF THE CROWN"},"content":{"rendered":"<p>Our group was created to commemorate Krystian, who was not only our friend, but also an exceptional athlete and a man with incredible positive energy.<\/p><p>By organizing and participating in various sports initiatives, we try to keep Krystian's memory alive and infect others with positive energy and smiles. <\/p><p>We support each other and motivate each other to overcome our barriers and weaknesses on the way to small and big dreams.<\/p><p>We are present at many football tournaments, long-distance runs and triathlon competitions, and our presence is always associated with joy, a positive approach and sports passion. We strive for our activities to be an inspiration for others, to encourage them to take up sports challenges and achieve their goals.<\/p><figure class=\"wp-block-image size-large is-resized\"><img loading=\"lazy\" decoding=\"async\" src=\"https:\/\/dzielmysieusmiechem.pl\/wp-content\/uploads\/2023\/05\/E90A8915-1024x683.jpg\" alt=\"\" class=\"wp-image-1749\" width=\"773\" height=\"515\" srcset=\"https:\/\/dzielmysieusmiechem.pl\/wp-content\/uploads\/2023\/05\/E90A8915-1024x683.jpg 1024w, https:\/\/dzielmysieusmiechem.pl\/wp-content\/uploads\/2023\/05\/E90A8915-scaled-600x400.jpg 600w, https:\/\/dzielmysieusmiechem.pl\/wp-content\/uploads\/2023\/05\/E90A8915-300x200.jpg 300w, https:\/\/dzielmysieusmiechem.pl\/wp-content\/uploads\/2023\/05\/E90A8915-768x512.jpg 768w, https:\/\/dzielmysieusmiechem.pl\/wp-content\/uploads\/2023\/05\/E90A8915-1536x1024.jpg 1536w, https:\/\/dzielmysieusmiechem.pl\/wp-content\/uploads\/2023\/05\/E90A8915-2048x1365.jpg 2048w\" sizes=\"auto, (max-width: 773px) 100vw, 773px\" \/><\/figure><blockquote class=\"wp-embedded-content\" data-secret=\"zUYYawc0mH\"><a href=\"https:\/\/dzielmysieusmiechem.pl\/en\/wydarzenia\/900\/\">I&#8230;Taka Tarnowska Dyszka 2019<\/a><\/blockquote><iframe loading=\"lazy\" class=\"wp-embedded-content\" sandbox=\"allow-scripts\" security=\"restricted\" style=\"position: absolute; clip: rect(1px, 1px, 1px, 1px);\" title=\"&#8222;I&#8230;Taka Tarnowska Dyszka 2019&#8221; &#8212; Fundacja Dzielmy si\u0119 U\u015bmiechem im. Krystiana Popieli\" src=\"https:\/\/dzielmysieusmiechem.pl\/wydarzenia\/900\/embed\/#?secret=UqDfiGxmCs#?secret=zUYYawc0mH\" data-secret=\"zUYYawc0mH\" width=\"600\" height=\"338\" frameborder=\"0\" marginwidth=\"0\" marginheight=\"0\" scrolling=\"no\"><\/iframe><blockquote class=\"wp-embedded-content\" data-secret=\"WYGUr4lKCt\"><a href=\"https:\/\/dzielmysieusmiechem.pl\/en\/wydarzenia\/itaka-tarnowska-dyszka-2018\/\">I\u2026Taka Tarnowska Dyszka 2018<\/a><\/blockquote><iframe loading=\"lazy\" class=\"wp-embedded-content\" sandbox=\"allow-scripts\" security=\"restricted\" style=\"position: absolute; clip: rect(1px, 1px, 1px, 1px);\" title=\"&#8222;I\u2026Taka Tarnowska Dyszka 2018&#8221; &#8212; Fundacja Dzielmy si\u0119 U\u015bmiechem im. Krystiana Popieli\" src=\"https:\/\/dzielmysieusmiechem.pl\/wydarzenia\/itaka-tarnowska-dyszka-2018\/embed\/#?secret=iuJNWZD0jZ#?secret=WYGUr4lKCt\" data-secret=\"WYGUr4lKCt\" width=\"600\" height=\"338\" frameborder=\"0\" marginwidth=\"0\" marginheight=\"0\" scrolling=\"no\"><\/iframe>","protected":false},"excerpt":{"rendered":"<p>Nasza grupa powsta\u0142a z my\u015bl\u0105 o upami\u0119tnieniu Krystiana, kt\u00f3ry by\u0142 nie tylko naszym przyjacielem, ale tak\u017ce wyj\u0105tkowym sportowcem i cz\u0142owiekiem o niesamowitej pozytywnej energii. Poprzez organizacj\u0119 i uczestnictwo w r\u00f3\u017cnych inicjatywach sportowych, staramy si\u0119 podtrzyma\u0107 pami\u0119\u0107 o Krystianie i zara\u017ca\u0107 innych pozytywn\u0105 energi\u0105 i u\u015bmiechem. Wspieramy si\u0119 nawzajem i motywujemy do prze\u0142amywania swoich barier i [&#8230;]<\/p>\n<p><a class=\"btn btn-secondary understrap-read-more-link\" href=\"https:\/\/dzielmysieusmiechem.pl\/en\/krystek-team-gang-korony\/\">Read More&#8230;<span class=\"screen-reader-text\"> from KRYSTEK TEAM &#8211; GANG KORONY<\/span><\/a><\/p>","protected":false},"author":1,"featured_media":0,"parent":0,"menu_order":0,"comment_status":"closed","ping_status":"closed","template":"","meta":{"footnotes":""},"class_list":["post-1728","page","type-page","status-publish","hentry"],"acf":[],"aioseo_notices":[],"_links":{"self":[{"href":"https:\/\/dzielmysieusmiechem.pl\/en\/wp-json\/wp\/v2\/pages\/1728","targetHints":{"allow":["GET"]}}],"collection":[{"href":"https:\/\/dzielmysieusmiechem.pl\/en\/wp-json\/wp\/v2\/pages"}],"about":[{"href":"https:\/\/dzielmysieusmiechem.pl\/en\/wp-json\/wp\/v2\/types\/page"}],"author":[{"embeddable":true,"href":"https:\/\/dzielmysieusmiechem.pl\/en\/wp-json\/wp\/v2\/users\/1"}],"replies":[{"embeddable":true,"href":"https:\/\/dzielmysieusmiechem.pl\/en\/wp-json\/wp\/v2\/comments?post=1728"}],"version-history":[{"count":12,"href":"https:\/\/dzielmysieusmiechem.pl\/en\/wp-json\/wp\/v2\/pages\/1728\/revisions"}],"predecessor-version":[{"id":1853,"href":"https:\/\/dzielmysieusmiechem.pl\/en\/wp-json\/wp\/v2\/pages\/1728\/revisions\/1853"}],"wp:attachment":[{"href":"https:\/\/dzielmysieusmiechem.pl\/en\/wp-json\/wp\/v2\/media?parent=1728"}],"curies":[{"name":"wp","href":"https:\/\/api.w.org\/{rel}","templated":true}]}}