{"id":1800,"date":"2023-05-16T16:37:43","date_gmt":"2023-05-16T14:37:43","guid":{"rendered":"https:\/\/dzielmysieusmiechem.pl\/?page_id=1800"},"modified":"2023-05-16T22:01:44","modified_gmt":"2023-05-16T20:01:44","slug":"dziekujemy-za-wplate","status":"publish","type":"page","link":"https:\/\/dzielmysieusmiechem.pl\/en\/dziekujemy-za-wplate\/","title":{"rendered":"Dzi\u0119kujemy za wp\u0142at\u0119"},"content":{"rendered":"","protected":false},"excerpt":{"rendered":"<p> [&#8230;]<\/p>\n<p><a class=\"btn btn-secondary understrap-read-more-link\" href=\"https:\/\/dzielmysieusmiechem.pl\/en\/dziekujemy-za-wplate\/\">Read More&#8230;<span class=\"screen-reader-text\"> from Dzi\u0119kujemy za wp\u0142at\u0119<\/span><\/a><\/p>","protected":false},"author":1,"featured_media":0,"parent":0,"menu_order":0,"comment_status":"closed","ping_status":"closed","template":"page-dziekujemy.php","meta":{"footnotes":""},"class_list":["post-1800","page","type-page","status-publish","hentry"],"acf":[],"aioseo_notices":[],"_links":{"self":[{"href":"https:\/\/dzielmysieusmiechem.pl\/en\/wp-json\/wp\/v2\/pages\/1800","targetHints":{"allow":["GET"]}}],"collection":[{"href":"https:\/\/dzielmysieusmiechem.pl\/en\/wp-json\/wp\/v2\/pages"}],"about":[{"href":"https:\/\/dzielmysieusmiechem.pl\/en\/wp-json\/wp\/v2\/types\/page"}],"author":[{"embeddable":true,"href":"https:\/\/dzielmysieusmiechem.pl\/en\/wp-json\/wp\/v2\/users\/1"}],"replies":[{"embeddable":true,"href":"https:\/\/dzielmysieusmiechem.pl\/en\/wp-json\/wp\/v2\/comments?post=1800"}],"version-history":[{"count":2,"href":"https:\/\/dzielmysieusmiechem.pl\/en\/wp-json\/wp\/v2\/pages\/1800\/revisions"}],"predecessor-version":[{"id":1802,"href":"https:\/\/dzielmysieusmiechem.pl\/en\/wp-json\/wp\/v2\/pages\/1800\/revisions\/1802"}],"wp:attachment":[{"href":"https:\/\/dzielmysieusmiechem.pl\/en\/wp-json\/wp\/v2\/media?parent=1800"}],"curies":[{"name":"wp","href":"https:\/\/api.w.org\/{rel}","templated":true}]}}