{"id":1884,"date":"2023-06-21T13:45:54","date_gmt":"2023-06-21T11:45:54","guid":{"rendered":"https:\/\/dzielmysieusmiechem.pl\/?page_id=1884"},"modified":"2023-06-21T13:50:54","modified_gmt":"2023-06-21T11:50:54","slug":"regulamin","status":"publish","type":"page","link":"https:\/\/dzielmysieusmiechem.pl\/en\/regulamin\/","title":{"rendered":"Regulamin"},"content":{"rendered":"<p><strong>Regulamin przekazywania on-line darowizn na rzecz&nbsp;<\/strong><\/p><p><strong>Fundacji Dzielmy si\u0119 u\u015bmiechem im. Krystiana Popieli<\/strong><\/p><h1 class=\"wp-block-heading\">I.&nbsp;&nbsp;&nbsp;&nbsp;&nbsp;&nbsp;&nbsp;&nbsp;&nbsp;&nbsp;&nbsp;&nbsp;&nbsp;&nbsp; Postanowienia og\u00f3lne<\/h1><ol class=\"wp-block-list\" type=\"1\"><li>Niniejszy regulamin (dalej: Regulamin) okre\u015bla zasady przekazywania darowizn na rzecz Fundacji Dzielmy si\u0119 u\u015bmiechem im. Krystiana Popieli z siedzib\u0105 w Tarnowie, KRS nr 772682, NIP&nbsp;8733270449 (dalej: Fundacja) w trybie on-line z wykorzystaniem us\u0142ug \u015bwiadczonych przez zaufanych operator\u00f3w p\u0142atno\u015bci internetowych, kt\u00f3rych wykaz jest dost\u0119pny na stronie <a href=\"https:\/\/dzielmysieusmiechem.pl\/en\/\">www.dzielmysieusmiechem.pl<\/a><\/li>\n\n<li>Darowizny przeznaczane s\u0105 na potrzeby realizacji cel\u00f3w statutowych Fundacji.<\/li>\n\n<li>Przed dokonaniem darowizny Darczy\u0144ca jest zobowi\u0105zany zapozna\u0107 si\u0119 z tre\u015bci\u0105 Regulaminu.&nbsp; Decyduj\u0105c si\u0119 na wp\u0142at\u0119 on-line na rzecz Fundacji Darczy\u0144ca potwierdza, \u017ce zapozna\u0142 si\u0119 z tre\u015bci\u0105 Regulaminu i akceptuje jego postanowienia.<\/li>\n\n<li>Darczy\u0144ca przekazuj\u0105c \u015brodki finansowe na rzecz Fundacji dokonuje darowizny w rozumieniu przepis\u00f3w art.&nbsp;888 i nast. Kodeksu cywilnego. Darczy\u0144cami mog\u0105 by\u0107 wy\u0142\u0105cznie osoby pe\u0142noletnie posiadaj\u0105ce pe\u0142n\u0105 zdolno\u015b\u0107 do czynno\u015bci prawnych.<\/li>\n\n<li>Regulamin jest dost\u0119pny publicznie w spos\u00f3b umo\u017cliwiaj\u0105cy jego pozyskanie, odtwarzanie, przechowywanie i utrwalanie w zwyk\u0142ym toku czynno\u015bci za pomoc\u0105 systemu teleinformatycznego dost\u0119pnego dla u\u017cytkownika strony internetowej.<\/li><\/ol><h1 class=\"wp-block-heading\">II.&nbsp;&nbsp;&nbsp;&nbsp;&nbsp;&nbsp;&nbsp;&nbsp;&nbsp;&nbsp;&nbsp;&nbsp; Wp\u0142aty<\/h1><ol class=\"wp-block-list\" type=\"1\"><li>Wp\u0142aty mog\u0105 by\u0107 jednorazowe lub cykliczne (o ile tak\u0105 funkcjonalno\u015b\u0107 udost\u0119pnia operator p\u0142atno\u015bci internetowych). Wp\u0142aty mog\u0105 opiewa\u0107 na kwoty zaproponowane na stronie internetowej Fundacji lub na kwoty w wysoko\u015bci indywidualnie zadeklarowanej przez Darczy\u0144c\u0119.<\/li>\n\n<li>Odwo\u0142anie zlecenia p\u0142atno\u015bci cyklicznych mo\u017ce nast\u0105pi\u0107 w ka\u017cdym czasie poprzez z\u0142o\u017cenie przez Darczy\u0144c\u0119 dyspozycji w swoim banku lub za po\u015brednictwem panelu operatora p\u0142atno\u015bci internetowych, kt\u00f3ry udost\u0119pni\u0142 t\u0119 us\u0142ug\u0119. Dyspozycja p\u0142atno\u015bci cyklicznej wygasa wraz z wyga\u015bni\u0119ciem wa\u017cno\u015bci karty p\u0142atniczej (debetowej lub kredytowej), z kt\u00f3r\u0105 zwi\u0105zane by\u0142y p\u0142atno\u015bci i w celu wznowienia p\u0142atno\u015bci konieczne jest ponowne z\u0142o\u017cenie dyspozycji za pomoc\u0105 nowej karty.<\/li>\n\n<li>W celu dokonania wp\u0142aty nale\u017cy post\u0119powa\u0107 zgodnie z instrukcjami zawartymi na stronie internetowej Fundacji oraz na stronie operatora p\u0142atno\u015bci internetowych.<\/li>\n\n<li>Wp\u0142aty s\u0105 dokonywane za po\u015brednictwem zaufanych operator\u00f3w p\u0142atno\u015bci internetowych, wskazanych na stronie internetowej Fundacji, kt\u00f3rych lista mo\u017ce ulega\u0107 zmianom. W ka\u017cdym wypadku s\u0105 to podmioty stosuj\u0105ce zabezpieczenia polegaj\u0105ce na szyfrowaniu przekazywanych danych z u\u017cyciem certyfikatu SSL, wykorzystywanego do operacji bankowych.<\/li>\n\n<li>Szczeg\u00f3\u0142y dotycz\u0105ce realizacji p\u0142atno\u015bci on-line okre\u015blaj\u0105 regulaminy operatora p\u0142atno\u015bci dost\u0119pne na jego stronie internetowej, gdzie podane s\u0105 tak\u017ce dane kontaktowe do operatora. Przed rozpocz\u0119ciem korzystania z us\u0142ug operatora mo\u017ce by\u0107 konieczne potwierdzenie zapoznania przez Darczy\u0144c\u0119 z regulaminem \u015bwiadczenia tych us\u0142ug.<\/li>\n\n<li>Niezb\u0119dne dane do dokonania wp\u0142aty okre\u015bla operator p\u0142atno\u015bci internetowych. Fundacja nie gromadzi danych dotycz\u0105cych Darczy\u0144c\u00f3w, w szczeg\u00f3lno\u015bci nie ma dost\u0119pu do danych z kart p\u0142atniczych lub rachunk\u00f3w bankowych Darczy\u0144c\u00f3w. Je\u017celi operator udost\u0119pnia Fundacji adres e-mail Darczy\u0144cy, to Fundacja uprawniona jest do skierowania na ten adres podzi\u0119kowania za dokonan\u0105 wp\u0142at\u0119.<\/li>\n\n<li>Koszty \u015bwiadczenia us\u0142ug przez operatora p\u0142atno\u015bci internetowych ponosi Fundacja.<\/li><\/ol><h1 class=\"wp-block-heading\">III.&nbsp;&nbsp;&nbsp;&nbsp;&nbsp;&nbsp;&nbsp;&nbsp;&nbsp;&nbsp; Reklamacje<\/h1><ol class=\"wp-block-list\" type=\"1\"><li>Fundacja nie ma \u017cadnego wp\u0142ywu na poprawno\u015b\u0107 i jako\u015b\u0107 us\u0142ug \u015bwiadczonych przez operator\u00f3w p\u0142atno\u015bci internetowych.<\/li>\n\n<li>Reklamacje dotycz\u0105ce realizacji polecenia przelewu (wp\u0142aty na rzecz Fundacji) za po\u015brednictwem operatora p\u0142atno\u015bci internetowych nale\u017cy kierowa\u0107 bezpo\u015brednio do w\u0142a\u015bciwego operatora, zgodnie z regulaminem \u015bwiadczenia us\u0142ug przez danego operatora.<\/li><\/ol><h1 class=\"wp-block-heading\">IV.&nbsp;&nbsp;&nbsp;&nbsp;&nbsp;&nbsp;&nbsp;&nbsp;&nbsp;&nbsp; Dane osobowe<\/h1><ol class=\"wp-block-list\" type=\"1\"><li>Wp\u0142acaj\u0105c darowizn\u0119 Darczy\u0144ca wyra\u017ca zgod\u0119 na przetwarzanie danych osobowych na potrzeby obs\u0142ugi darowizny, w zakresie w jakim dane te zostan\u0105 przekazane Fundacji przez operatora p\u0142atno\u015bci internetowych, a ich administratorem b\u0119dzie Fundacja. W takim wypadku stosuje si\u0119 zasady przetwarzania danych osobowych przez Fundacj\u0119, opisane w <a href=\"https:\/\/mikroporady.pl\/files\/regulaminy\/polityka-prywatnosci.pdf\">Polityce prywatno\u015bci<\/a><a href=\"https:\/\/mikroporady.pl\/files\/regulaminy\/polityka-prywatnosci.pdf\">.<\/a><\/li>\n\n<li>Dane karty p\u0142atniczej Darczy\u0144cy b\u0119d\u0105 przechowywane wy\u0142\u0105cznie przez operatora p\u0142atno\u015bci internetowych. Operator ten, po\u015brednicz\u0105c w dokonaniu darowizn, udost\u0119pnia \u201etoken\u201d (wirtualny identyfikator karty), umo\u017cliwiaj\u0105cy przypisanie do Darczy\u0144cy unikatowego identyfikatora, za pomoc\u0105 kt\u00f3rego ten Darczy\u0144ca dokonuje p\u0142atno\u015bci cyklicznych na rzecz Fundacji. Zwracany podczas p\u0142atno\u015bci \u201etoken\u201d zawiera zaszyfrowany przez Operatora bezpiecznych p\u0142atno\u015bci internetowych, maskowany numer karty oraz dat\u0119 jej wa\u017cno\u015bci, co sprawia, \u017ce Fundacja nie otrzymuje i nie przetwarza danych w postaci pe\u0142nego numeru karty p\u0142atniczej.<\/li><\/ol><h1 class=\"wp-block-heading\">V.&nbsp;&nbsp;&nbsp;&nbsp;&nbsp;&nbsp;&nbsp;&nbsp;&nbsp;&nbsp;&nbsp;&nbsp; Postanowienia ko\u0144cowe<\/h1><ol class=\"wp-block-list\" type=\"1\"><li>Regulamin obowi\u0105zuje od dnia 1 czerwca 2023 roku.<\/li>\n\n<li>Fundacja mo\u017ce dokonywa\u0107 zmian Regulaminu, w szczeg\u00f3lno\u015bci w celu dostosowanie jego postanowie\u0144 do powszechnie obowi\u0105zuj\u0105cych przepis\u00f3w prawa.<\/li>\n\n<li>W sprawach nieuregulowanych w Regulaminie zastosowanie maj\u0105 odpowiednie przepisy prawa polskiego.<\/li><\/ol>","protected":false},"excerpt":{"rendered":"<p>Regulamin przekazywania on-line darowizn na rzecz&nbsp; Fundacji Dzielmy si\u0119 u\u015bmiechem im. Krystiana Popieli I.&nbsp;&nbsp;&nbsp;&nbsp;&nbsp;&nbsp;&nbsp;&nbsp;&nbsp;&nbsp;&nbsp;&nbsp;&nbsp;&nbsp; Postanowienia og\u00f3lne II.&nbsp;&nbsp;&nbsp;&nbsp;&nbsp;&nbsp;&nbsp;&nbsp;&nbsp;&nbsp;&nbsp;&nbsp; Wp\u0142aty III.&nbsp;&nbsp;&nbsp;&nbsp;&nbsp;&nbsp;&nbsp;&nbsp;&nbsp;&nbsp; Reklamacje IV.&nbsp;&nbsp;&nbsp;&nbsp;&nbsp;&nbsp;&nbsp;&nbsp;&nbsp;&nbsp; Dane osobowe V.&nbsp;&nbsp;&nbsp;&nbsp;&nbsp;&nbsp;&nbsp;&nbsp;&nbsp;&nbsp;&nbsp;&nbsp; Postanowienia ko\u0144cowe [&#8230;]<\/p>\n<p><a class=\"btn btn-secondary understrap-read-more-link\" href=\"https:\/\/dzielmysieusmiechem.pl\/en\/regulamin\/\">Read More&#8230;<span class=\"screen-reader-text\"> from Regulamin<\/span><\/a><\/p>","protected":false},"author":1,"featured_media":0,"parent":0,"menu_order":0,"comment_status":"closed","ping_status":"closed","template":"","meta":{"footnotes":""},"class_list":["post-1884","page","type-page","status-publish","hentry"],"acf":[],"aioseo_notices":[],"_links":{"self":[{"href":"https:\/\/dzielmysieusmiechem.pl\/en\/wp-json\/wp\/v2\/pages\/1884","targetHints":{"allow":["GET"]}}],"collection":[{"href":"https:\/\/dzielmysieusmiechem.pl\/en\/wp-json\/wp\/v2\/pages"}],"about":[{"href":"https:\/\/dzielmysieusmiechem.pl\/en\/wp-json\/wp\/v2\/types\/page"}],"author":[{"embeddable":true,"href":"https:\/\/dzielmysieusmiechem.pl\/en\/wp-json\/wp\/v2\/users\/1"}],"replies":[{"embeddable":true,"href":"https:\/\/dzielmysieusmiechem.pl\/en\/wp-json\/wp\/v2\/comments?post=1884"}],"version-history":[{"count":3,"href":"https:\/\/dzielmysieusmiechem.pl\/en\/wp-json\/wp\/v2\/pages\/1884\/revisions"}],"predecessor-version":[{"id":1888,"href":"https:\/\/dzielmysieusmiechem.pl\/en\/wp-json\/wp\/v2\/pages\/1884\/revisions\/1888"}],"wp:attachment":[{"href":"https:\/\/dzielmysieusmiechem.pl\/en\/wp-json\/wp\/v2\/media?parent=1884"}],"curies":[{"name":"wp","href":"https:\/\/api.w.org\/{rel}","templated":true}]}}