{"id":2221,"date":"2023-12-22T13:39:21","date_gmt":"2023-12-22T12:39:21","guid":{"rendered":"https:\/\/dzielmysieusmiechem.pl\/?page_id=2221"},"modified":"2025-03-12T12:29:56","modified_gmt":"2025-03-12T11:29:56","slug":"darowizna-online","status":"publish","type":"page","link":"https:\/\/dzielmysieusmiechem.pl\/en\/chce-pomoc\/darowizna-online\/","title":{"rendered":"Donations\u00a0"},"content":{"rendered":"<div class=\"wp-bootstrap-blocks-container container mb-2\">\n\t\n<div class=\"wp-bootstrap-blocks-row row\">\n\t\n<div class=\"col-12\">\n\t\t\t\n<p>You can support the ongoing activities of the Foundation and our charges in your preferred way:&nbsp;<\/p>\n\n<p><strong>By making a traditional transfer to the Foundation's account&nbsp;<\/strong><\/p>\n\n<p>Ma\u0142opolski Bank Sp\u00f3\u0142dzielczy<strong><br><\/strong>PL: 30 8619 0006 0010 0435 2624 0001<br>SWIFT: POLUPLPR<\/p>\n\n<p><strong>By making an online transfer using the form below<\/strong>&nbsp;<\/p>\n\n<div style=\"height:1rem\" aria-hidden=\"true\" class=\"wp-block-spacer\"><\/div>\n\n<p><div class=\"fmp-protect-box\" data-post-id=\"2221\" data-service-id=\"1\"><div class=\"fmp-loader\"><\/div><div class=\"fmp-status\" data-post-id=\"2221\" data-service-id=\"1\"><\/div><form action=\"https:\/\/secure.przelewy24.pl\/trnDirect\" method=\"post\"><h4>Select a donation amount or enter the amount manually<\/h4>\r\n<div class=\"support-button-wrapper\">\r\n<div class=\"support-button\" data-amount=\"10\">10 z\u0142<\/div>\r\n<div class=\"support-button\" data-amount=\"20\">20 z\u0142<\/div>\r\n<div class=\"support-button\" data-amount=\"50\">50 z\u0142<\/div>\r\n<div class=\"support-button\" data-amount=\"100\">100 z\u0142<\/div>\r\n<\/div>\r\n<input type=\"text\" class=\"fmp-donation\" data-post-id=\"2221\" data-service-id=\"1\" placeholder=\"Enter your donation amount\" value=\"\">\r\n<input type=\"text\" class=\"fmp-code\" data-post-id=\"2221\" data-service-id=\"1\" placeholder=\"Enter your email address\" data-type=\"email\">\r\n<span class=\"fmp-submit\" data-post-id=\"2221\" data-service-id=\"1\">Donate<\/span><span class=\"fmp-regulations-container\"><label class=\"fmp-regulations-option\"><input type=\"checkbox\" value=\"1\"><span>Akceptuj<\/span><\/label><span class=\"fmp-regulations-text\"><span>*I accept that the personal data provided by me will be processed by the Share Your Smile Foundation with its registered office at ul. Promienna 22\/61, 33-100 Tarn\u00f3w is held in order to process my donation for statutory purposes and I accept the regulations <a href=\"https:\/\/dzielmysieusmiechem.pl\/en\/regulamin\/\">Read more <\/a><\/span><\/span><\/span><\/form><\/div><\/p>\n\n<div style=\"height:1rem\" aria-hidden=\"true\" class=\"wp-block-spacer\"><\/div>\n\n<p>Remember that you can donate any amount - in charity work, really every penny counts. Your donation will go towards the aims of the Foundation, which means real support for talented athletes after accidents, injuries and illnesses.&nbsp;&nbsp;&nbsp;<\/p>\n\n<p><strong>We sincerely thank you for your help and for supporting our charges!<\/strong>&nbsp;<\/p>\n\n<p><a href=\"https:\/\/dzielmysieusmiechem.pl\/en\/o-fundacji\/\" target=\"_blank\" rel=\"noopener\" title=\"About us\">Learn more about the history and goals of the Krystian Popiel Foundation<\/a>\u00a0<\/p>\n\t<\/div>\n<\/div>\n<\/div><p><\/p>","protected":false},"excerpt":{"rendered":"<p> [&#8230;]<\/p>\n<p><a class=\"btn btn-secondary understrap-read-more-link\" href=\"https:\/\/dzielmysieusmiechem.pl\/en\/chce-pomoc\/darowizna-online\/\">Read More&#8230;<span class=\"screen-reader-text\"> from Darowizna dla Fundacji \u201eDzielmy si\u0119 U\u015bmiechem\u201d\u00a0<\/span><\/a><\/p>","protected":false},"author":3,"featured_media":1621,"parent":1485,"menu_order":0,"comment_status":"closed","ping_status":"closed","template":"page-templates\/page-narrow.php","meta":{"footnotes":""},"class_list":["post-2221","page","type-page","status-publish","has-post-thumbnail","hentry"],"acf":[],"aioseo_notices":[],"_links":{"self":[{"href":"https:\/\/dzielmysieusmiechem.pl\/en\/wp-json\/wp\/v2\/pages\/2221","targetHints":{"allow":["GET"]}}],"collection":[{"href":"https:\/\/dzielmysieusmiechem.pl\/en\/wp-json\/wp\/v2\/pages"}],"about":[{"href":"https:\/\/dzielmysieusmiechem.pl\/en\/wp-json\/wp\/v2\/types\/page"}],"author":[{"embeddable":true,"href":"https:\/\/dzielmysieusmiechem.pl\/en\/wp-json\/wp\/v2\/users\/3"}],"replies":[{"embeddable":true,"href":"https:\/\/dzielmysieusmiechem.pl\/en\/wp-json\/wp\/v2\/comments?post=2221"}],"version-history":[{"count":9,"href":"https:\/\/dzielmysieusmiechem.pl\/en\/wp-json\/wp\/v2\/pages\/2221\/revisions"}],"predecessor-version":[{"id":3251,"href":"https:\/\/dzielmysieusmiechem.pl\/en\/wp-json\/wp\/v2\/pages\/2221\/revisions\/3251"}],"up":[{"embeddable":true,"href":"https:\/\/dzielmysieusmiechem.pl\/en\/wp-json\/wp\/v2\/pages\/1485"}],"wp:featuredmedia":[{"embeddable":true,"href":"https:\/\/dzielmysieusmiechem.pl\/en\/wp-json\/wp\/v2\/media\/1621"}],"wp:attachment":[{"href":"https:\/\/dzielmysieusmiechem.pl\/en\/wp-json\/wp\/v2\/media?parent=2221"}],"curies":[{"name":"wp","href":"https:\/\/api.w.org\/{rel}","templated":true}]}}