{"id":2811,"date":"2024-10-11T10:03:49","date_gmt":"2024-10-11T08:03:49","guid":{"rendered":"https:\/\/dzielmysieusmiechem.pl\/?page_id=2811"},"modified":"2024-10-19T12:35:30","modified_gmt":"2024-10-19T10:35:30","slug":"dla-biznesu","status":"publish","type":"page","link":"https:\/\/dzielmysieusmiechem.pl\/en\/chce-pomoc\/dla-biznesu\/","title":{"rendered":"Business support for the Foundation\u00a0"},"content":{"rendered":"<div class=\"wp-block-group has-blue-background-color has-background\" style=\"padding-top:4rem;padding-bottom:4rem;background-image:url(&apos;https:\/\/dzielmysieusmiechem.pl\/wp-content\/uploads\/2024\/10\/bg.jpg&apos;);background-position:50% 0;background-size:cover;\"><div class=\"wp-block-group__inner-container is-layout-constrained wp-block-group-is-layout-constrained\"><div class=\"wp-bootstrap-blocks-container container mb-2\">\n\t\n<div class=\"wp-bootstrap-blocks-row row gx-5 gy-4 align-items-center\">\n\t\n<div class=\"col-12 col-md-6\">\n\t\t\t<div class=\"h-100 d-flex flex-column justify-content-center\">\n\t\t\t\n<h1 class=\"wp-block-heading has-white-color has-text-color has-link-color wp-elements-0a549a96ec060d507bcc5761855d4287\">Be an inspiration and motivation. Build a responsible image for your company<\/h1>\n\n<p class=\"has-white-color has-text-color has-link-color wp-elements-1e363204ac1c1e6a1c0eacf1d8f13ba6\">Support the work of our foundation and let's make young athletes' dreams come true together.<\/p>\n\n<div class=\"wp-block-buttons is-layout-flex wp-block-buttons-is-layout-flex\"><div class=\"wp-block-button is-style-btn-primary\"><a class=\"wp-block-button__link wp-element-button\" href=\"https:\/\/dzielmysieusmiechem.pl\/en\/kontakt\/\">Get in touch<\/a><\/div><\/div>\n\t\t<\/div>\n\t<\/div>\n\n<div class=\"col-12 col-md-6\">\n\t\t\t<div class=\"h-100 d-flex flex-column justify-content-center\">\n\t\t\t\n<figure class=\"wp-block-image size-large\"><img loading=\"lazy\" decoding=\"async\" width=\"1024\" height=\"683\" src=\"https:\/\/dzielmysieusmiechem.pl\/wp-content\/uploads\/2024\/09\/DSC_8181-48-2-1024x683.jpg\" alt=\"\" class=\"wp-image-2862\" srcset=\"https:\/\/dzielmysieusmiechem.pl\/wp-content\/uploads\/2024\/09\/DSC_8181-48-2-1024x683.jpg 1024w, https:\/\/dzielmysieusmiechem.pl\/wp-content\/uploads\/2024\/09\/DSC_8181-48-2-600x400.jpg 600w, https:\/\/dzielmysieusmiechem.pl\/wp-content\/uploads\/2024\/09\/DSC_8181-48-2-300x200.jpg 300w, https:\/\/dzielmysieusmiechem.pl\/wp-content\/uploads\/2024\/09\/DSC_8181-48-2-768x512.jpg 768w, https:\/\/dzielmysieusmiechem.pl\/wp-content\/uploads\/2024\/09\/DSC_8181-48-2-1536x1024.jpg 1536w, https:\/\/dzielmysieusmiechem.pl\/wp-content\/uploads\/2024\/09\/DSC_8181-48-2-18x12.jpg 18w, https:\/\/dzielmysieusmiechem.pl\/wp-content\/uploads\/2024\/09\/DSC_8181-48-2-500x333.jpg 500w, https:\/\/dzielmysieusmiechem.pl\/wp-content\/uploads\/2024\/09\/DSC_8181-48-2-800x533.jpg 800w, https:\/\/dzielmysieusmiechem.pl\/wp-content\/uploads\/2024\/09\/DSC_8181-48-2-1280x853.jpg 1280w, https:\/\/dzielmysieusmiechem.pl\/wp-content\/uploads\/2024\/09\/DSC_8181-48-2-1920x1280.jpg 1920w, https:\/\/dzielmysieusmiechem.pl\/wp-content\/uploads\/2024\/09\/DSC_8181-48-2.jpg 2048w\" sizes=\"auto, (max-width: 1024px) 100vw, 1024px\" \/><\/figure>\n\t\t<\/div>\n\t<\/div>\n<\/div>\n<\/div><\/div><\/div><div class=\"wp-block-group has-background\" style=\"background-color:#fafafa;padding-top:4rem;padding-bottom:4rem\"><div class=\"wp-block-group__inner-container is-layout-constrained wp-block-group-is-layout-constrained\"><div class=\"wp-bootstrap-blocks-container container mb-2\">\n\t\n<div class=\"wp-bootstrap-blocks-row row\">\n\t\n<div class=\"col-12 col-lg-10 col-xl-9 col-xxl-8\">\n\t\t\t\n<h3 class=\"wp-block-heading has-text-align-left\">Your company can also support the activities of the Krystian Popiel Foundation<\/h3>\n\n<p class=\"has-text-align-left\">Business involvement in charitable activities brings tangible benefits on many levels:&nbsp;<\/p>\n\t<\/div>\n<\/div>\n\n<div style=\"height:1rem\" aria-hidden=\"true\" class=\"wp-block-spacer\"><\/div>\n\n<div class=\"wp-bootstrap-blocks-row row gy-4\">\n\t\n<div class=\"col-12 col-lg-4\">\n\t\t\t\n<div class=\"wp-block-group h-100 has-white-background-color has-background\" style=\"border-radius:1rem;padding-top:var(--wp--preset--spacing--40);padding-right:1rem;padding-bottom:var(--wp--preset--spacing--40);padding-left:1rem\"><div class=\"wp-block-group__inner-container is-layout-constrained wp-container-core-group-is-layout-358a9cd5 wp-block-group-is-layout-constrained\"><figure class=\"wp-block-image size-full is-resized\"><img loading=\"lazy\" decoding=\"async\" width=\"243\" height=\"238\" src=\"https:\/\/dzielmysieusmiechem.pl\/wp-content\/uploads\/2024\/06\/iikk1.jpg\" alt=\"\" class=\"wp-image-2610\" style=\"width:100px\" srcset=\"https:\/\/dzielmysieusmiechem.pl\/wp-content\/uploads\/2024\/06\/iikk1.jpg 243w, https:\/\/dzielmysieusmiechem.pl\/wp-content\/uploads\/2024\/06\/iikk1-12x12.jpg 12w\" sizes=\"auto, (max-width: 243px) 100vw, 243px\" \/><\/figure>\n\n<p class=\"has-gray-dark-color has-text-color has-link-color wp-elements-6b8eefb4aaa3387e9a1b4f23f08520bd\">The companies we support are building an image as socially responsible businesses<\/p><\/div><\/div>\n\t<\/div>\n\n<div class=\"col-12 col-sm-6 col-lg-4\">\n\t\t\t\n<div class=\"wp-block-group h-100 has-white-background-color has-background\" style=\"border-radius:1rem;padding-top:var(--wp--preset--spacing--40);padding-right:1rem;padding-bottom:var(--wp--preset--spacing--40);padding-left:1rem\"><div class=\"wp-block-group__inner-container is-layout-constrained wp-container-core-group-is-layout-358a9cd5 wp-block-group-is-layout-constrained\"><figure class=\"wp-block-image size-full is-resized\"><img loading=\"lazy\" decoding=\"async\" width=\"243\" height=\"238\" src=\"https:\/\/dzielmysieusmiechem.pl\/wp-content\/uploads\/2024\/06\/iikk2.jpg\" alt=\"\" class=\"wp-image-2611\" style=\"width:100px\" srcset=\"https:\/\/dzielmysieusmiechem.pl\/wp-content\/uploads\/2024\/06\/iikk2.jpg 243w, https:\/\/dzielmysieusmiechem.pl\/wp-content\/uploads\/2024\/06\/iikk2-12x12.jpg 12w\" sizes=\"auto, (max-width: 243px) 100vw, 243px\" \/><\/figure>\n\n<p class=\"has-gray-dark-color has-text-color has-link-color wp-elements-696279d3fd62ce5fbb9b1a870dac33ca\">The Foundation gains the means to pursue its objectives<\/p><\/div><\/div>\n\t<\/div>\n\n<div class=\"col-12 col-sm-6 col-lg-4\">\n\t\t\t\n<div class=\"wp-block-group h-100 has-white-background-color has-background\" style=\"border-radius:1rem;padding-top:var(--wp--preset--spacing--40);padding-right:1rem;padding-bottom:var(--wp--preset--spacing--40);padding-left:1rem\"><div class=\"wp-block-group__inner-container is-layout-constrained wp-container-core-group-is-layout-358a9cd5 wp-block-group-is-layout-constrained\"><figure class=\"wp-block-image size-full is-resized\"><img loading=\"lazy\" decoding=\"async\" width=\"243\" height=\"238\" src=\"https:\/\/dzielmysieusmiechem.pl\/wp-content\/uploads\/2024\/06\/iikk4.jpg\" alt=\"\" class=\"wp-image-2613\" style=\"width:100px\" srcset=\"https:\/\/dzielmysieusmiechem.pl\/wp-content\/uploads\/2024\/06\/iikk4.jpg 243w, https:\/\/dzielmysieusmiechem.pl\/wp-content\/uploads\/2024\/06\/iikk4-12x12.jpg 12w\" sizes=\"auto, (max-width: 243px) 100vw, 243px\" \/><\/figure>\n\n<p class=\"has-gray-dark-color has-text-color has-link-color wp-elements-9e6613b4230db41f4dfdf310cadcfbd3\">The Foundation's charges receive support to help them recover<\/p><\/div><\/div>\n\t<\/div>\n<\/div>\n<\/div><\/div><\/div><div class=\"wp-block-group\" style=\"padding-top:4rem;padding-bottom:4rem\"><div class=\"wp-block-group__inner-container is-layout-constrained wp-block-group-is-layout-constrained\"><div class=\"wp-bootstrap-blocks-container container mb-2\">\n\t\n<div class=\"wp-bootstrap-blocks-row row gx-5 justify-content-start align-items-center\">\n\t\n<div class=\"col-12 col-md-6\">\n\t\t\t<div class=\"h-100 d-flex flex-column justify-content-center\">\n\t\t\t\n<figure class=\"wp-block-image size-large\"><img loading=\"lazy\" decoding=\"async\" width=\"1024\" height=\"683\" src=\"https:\/\/dzielmysieusmiechem.pl\/wp-content\/uploads\/2024\/09\/DSC_7034-2-1024x683.jpg\" alt=\"\" class=\"wp-image-2858\" srcset=\"https:\/\/dzielmysieusmiechem.pl\/wp-content\/uploads\/2024\/09\/DSC_7034-2-1024x683.jpg 1024w, https:\/\/dzielmysieusmiechem.pl\/wp-content\/uploads\/2024\/09\/DSC_7034-2-600x400.jpg 600w, https:\/\/dzielmysieusmiechem.pl\/wp-content\/uploads\/2024\/09\/DSC_7034-2-300x200.jpg 300w, https:\/\/dzielmysieusmiechem.pl\/wp-content\/uploads\/2024\/09\/DSC_7034-2-768x512.jpg 768w, https:\/\/dzielmysieusmiechem.pl\/wp-content\/uploads\/2024\/09\/DSC_7034-2-1536x1024.jpg 1536w, https:\/\/dzielmysieusmiechem.pl\/wp-content\/uploads\/2024\/09\/DSC_7034-2-18x12.jpg 18w, https:\/\/dzielmysieusmiechem.pl\/wp-content\/uploads\/2024\/09\/DSC_7034-2-500x333.jpg 500w, https:\/\/dzielmysieusmiechem.pl\/wp-content\/uploads\/2024\/09\/DSC_7034-2-800x533.jpg 800w, https:\/\/dzielmysieusmiechem.pl\/wp-content\/uploads\/2024\/09\/DSC_7034-2-1280x853.jpg 1280w, https:\/\/dzielmysieusmiechem.pl\/wp-content\/uploads\/2024\/09\/DSC_7034-2-1920x1280.jpg 1920w, https:\/\/dzielmysieusmiechem.pl\/wp-content\/uploads\/2024\/09\/DSC_7034-2.jpg 2048w\" sizes=\"auto, (max-width: 1024px) 100vw, 1024px\" \/><\/figure>\n\t\t<\/div>\n\t<\/div>\n\n<div class=\"col-12 col-md-6\">\n\t\t\t<div class=\"h-100 d-flex flex-column justify-content-center\">\n\t\t\t\n<h3 class=\"wp-block-heading\">What do companies that engage with charity gain?&nbsp;<\/h3>\n\n<p>More and more people are paying attention to whether individual brands are involved in social and charitable activities. This issue can play a role in many consumer choices - this is confirmed by the results of research<sup data-fn=\"06acf644-34f6-4d5d-9321-d17316df9da6\" class=\"fn\"><a href=\"#06acf644-34f6-4d5d-9321-d17316df9da6\" id=\"06acf644-34f6-4d5d-9321-d17316df9da6-link\">1<\/a><\/sup>.  The gains for companies tha.  The gains for companies that choose to thoughtfully support those in need are substantial:t choose to thoughtfully support those in need are substantial:&nbsp;<\/p>\n\n<ul class=\"wp-block-list\"><li>Employees of companies that do something good for others gain extra motivation.&nbsp;<\/li>\n\n<li>Consumers are keen to choose products and services from companies associated as socially responsible and committed to charitable giving.&nbsp;<\/li>\n\n<li>The company enjoys greater recognition and a good image.&nbsp;<\/li>\n\n<li>A company's social commitment can inspire other individuals and businesses, and this is even more help for those in need.&nbsp;<\/li><\/ul>\n\t\t<\/div>\n\t<\/div>\n<\/div>\n<\/div><\/div><\/div><div class=\"wp-block-group has-white-color has-blue-background-color has-text-color has-background has-link-color wp-elements-3c2285a5b33ef71f6cf73048ad7c2cf5\" style=\"padding-top:4rem;padding-bottom:4rem\"><div class=\"wp-block-group__inner-container is-layout-constrained wp-block-group-is-layout-constrained\"><div class=\"wp-bootstrap-blocks-container container mb-2\">\n\t\n<div class=\"wp-bootstrap-blocks-row row gx-5 gy-4 align-items-center\">\n\t\n<div class=\"col-12 col-lg-10 col-xl-9 col-xxl-8\">\n\t\t\t<div class=\"h-100 d-flex flex-column justify-content-center\">\n\t\t\t\n<h3 class=\"wp-block-heading has-white-color has-text-color has-link-color wp-elements-732af0d94cb25991e18c52bf8e41e87a\">Why is it worth to cooperate with us?&nbsp;<\/h3>\n\n<div style=\"height:1rem\" aria-hidden=\"true\" class=\"wp-block-spacer\"><\/div>\n\n<p>As many as 76.2% of Poles surveyed would like companies to engage socially and charitably. If you want your company to be perceived well, listen to the voices of society. Decide to cooperate with the Krystian Popiel Foundation \u2018Let's Share a Smile\u2019, which supports young athletes after serious accidents, illnesses and injuries.&nbsp;&nbsp;<\/p>\n\n<p>Sport stirs up a lot of emotion, and helping people whose sporting careers have come to a standstill is the primary goal of our Foundation. We have many young talents under our care who need rehabilitation, surgery or other support to pursue their sporting dreams. Together we can help them to do so.&nbsp;<\/p>\n\n<div class=\"wp-block-buttons is-layout-flex wp-block-buttons-is-layout-flex\"><div class=\"wp-block-button is-style-btn-primary\"><a class=\"wp-block-button__link wp-element-button\" href=\"https:\/\/dzielmysieusmiechem.pl\/en\/kontakt\/\">Get in touch<\/a><\/div><\/div>\n\t\t<\/div>\n\t<\/div>\n\n<div class=\"col-12 col-lg-2 col-xl-3 col-xxl-4\">\n\t\t\t<div class=\"h-100 d-flex flex-column justify-content-center\">\n\t\t\t\n<figure class=\"wp-block-image size-full\"><img loading=\"lazy\" decoding=\"async\" width=\"600\" height=\"600\" src=\"https:\/\/dzielmysieusmiechem.pl\/wp-content\/uploads\/2024\/04\/434465472_444462704761990_4167068879315871401_n.jpg\" alt=\"\" class=\"wp-image-2382\" srcset=\"https:\/\/dzielmysieusmiechem.pl\/wp-content\/uploads\/2024\/04\/434465472_444462704761990_4167068879315871401_n.jpg 600w, https:\/\/dzielmysieusmiechem.pl\/wp-content\/uploads\/2024\/04\/434465472_444462704761990_4167068879315871401_n-300x300.jpg 300w, https:\/\/dzielmysieusmiechem.pl\/wp-content\/uploads\/2024\/04\/434465472_444462704761990_4167068879315871401_n-100x100.jpg 100w, https:\/\/dzielmysieusmiechem.pl\/wp-content\/uploads\/2024\/04\/434465472_444462704761990_4167068879315871401_n-150x150.jpg 150w, https:\/\/dzielmysieusmiechem.pl\/wp-content\/uploads\/2024\/04\/434465472_444462704761990_4167068879315871401_n-12x12.jpg 12w, https:\/\/dzielmysieusmiechem.pl\/wp-content\/uploads\/2024\/04\/434465472_444462704761990_4167068879315871401_n-530x530.jpg 530w\" sizes=\"auto, (max-width: 600px) 100vw, 600px\" \/><\/figure>\n\t\t<\/div>\n\t<\/div>\n<\/div>\n<\/div><\/div><\/div><div class=\"wp-block-group\" style=\"padding-top:4rem;padding-bottom:4rem\"><div class=\"wp-block-group__inner-container is-layout-constrained wp-block-group-is-layout-constrained\"><div class=\"wp-bootstrap-blocks-container container mb-2\">\n\t\n<div class=\"wp-bootstrap-blocks-row row\">\n\t\n<div class=\"col-12\">\n\t\t\t\n<h2 class=\"wp-block-heading has-text-align-center has-large-font-size\">How your company can help?&nbsp;<\/h2>\n\t<\/div>\n<\/div>\n\n<div style=\"height:2rem\" aria-hidden=\"true\" class=\"wp-block-spacer\"><\/div>\n\n<div class=\"wp-bootstrap-blocks-row row gy-4\">\n\t\n<div class=\"col-12 col-lg-4\">\n\t\t\t\n<div class=\"wp-block-group h-100 has-background\" style=\"border-radius:1rem;background-color:#f3f9ff;padding-top:var(--wp--preset--spacing--40);padding-right:1rem;padding-bottom:var(--wp--preset--spacing--40);padding-left:1rem\"><div class=\"wp-block-group__inner-container is-layout-constrained wp-container-core-group-is-layout-358a9cd5 wp-block-group-is-layout-constrained\"><h4 class=\"wp-block-heading has-blue-color has-text-color has-link-color wp-elements-7a6a1a33e46c4ae3fe76890a82cb3f37\">Donation&nbsp;<\/h4>\n\n<p>It can take the form of a one-off donation or ongoing support. For us and our residents, every penny counts.&nbsp;<\/p><\/div><\/div>\n\t<\/div>\n\n<div class=\"col-12 col-sm-6 col-lg-4\">\n\t\t\t\n<div class=\"wp-block-group h-100 has-background\" style=\"border-radius:1rem;background-color:#fef2f2;padding-top:var(--wp--preset--spacing--40);padding-right:1rem;padding-bottom:var(--wp--preset--spacing--40);padding-left:1rem\"><div class=\"wp-block-group__inner-container is-layout-constrained wp-container-core-group-is-layout-358a9cd5 wp-block-group-is-layout-constrained\"><h4 class=\"wp-block-heading has-red-color has-text-color has-link-color wp-elements-57408531cb03cc4f9d0955a6db045f5f\">Employee volunteering&nbsp;<\/h4>\n\n<p>Your employees can get involved in the activities of our Foundation - this can be an inspiring experience and at the same time a good test of teamwork skills.&nbsp;<\/p><\/div><\/div>\n\t<\/div>\n\n<div class=\"col-12 col-sm-6 col-lg-4\">\n\t\t\t\n<div class=\"wp-block-group h-100 has-background\" style=\"border-radius:1rem;background-color:#f3f9ff;padding-top:var(--wp--preset--spacing--40);padding-right:1rem;padding-bottom:var(--wp--preset--spacing--40);padding-left:1rem\"><div class=\"wp-block-group__inner-container is-layout-constrained wp-container-core-group-is-layout-358a9cd5 wp-block-group-is-layout-constrained\"><h4 class=\"wp-block-heading has-blue-color has-text-color has-link-color wp-elements-8b40a6e687067c22e0ac30434e9f1175\">Marketing for a good cause&nbsp;<\/h4>\n\n<p>A portion of the profit from the sale of your company's products can be donated to the Krystian Popiel Foundation \u2018Let's Share a Smile\u2019, which will be highlighted by the presence of our logo on the packaging. Consumers reaching for these products will receive a clear signal that your company is committed to charity.&nbsp;&nbsp;<\/p><\/div><\/div>\n\t<\/div>\n<\/div>\n<\/div><\/div><\/div><div class=\"wp-block-group is-style-group-section has-background\" style=\"background-color:#fafafa\"><div class=\"wp-block-group__inner-container is-layout-constrained wp-block-group-is-layout-constrained\"><div class=\"wp-bootstrap-blocks-container container mb-2\">\n\t\n<div class=\"wp-bootstrap-blocks-row row\">\n\t\n<div class=\"col-12\">\n\t\t\t\n<h2 class=\"wp-block-heading\">Strategic Partners<\/h2>\n\t<\/div>\n<\/div>\n\n<div style=\"height:1.5rem\" aria-hidden=\"true\" class=\"wp-block-spacer\"><\/div>\n\n\t\t<div class=\"partners-shortcode\">\n\t\t\t<div class=\"row\">\n\t\t\t\t\n<article class=\"col-12 col-sm-6 col-lg-4 archive-single post-2643 ak_partnerzy type-ak_partnerzy status-publish has-post-thumbnail hentry\" id=\"post-2643\">\n\t<a href=\"https:\/\/dzielmysieusmiechem.pl\/en\/partnerzy\/warta\/\">\n\t\t<header class=\"entry-header\">\n\t\t\t<img loading=\"lazy\" decoding=\"async\" width=\"366\" height=\"138\" src=\"https:\/\/dzielmysieusmiechem.pl\/wp-content\/uploads\/2024\/04\/Unknown-1.png\" class=\"attachment-large size-large wp-post-image\" alt=\"\" srcset=\"https:\/\/dzielmysieusmiechem.pl\/wp-content\/uploads\/2024\/04\/Unknown-1.png 366w, https:\/\/dzielmysieusmiechem.pl\/wp-content\/uploads\/2024\/04\/Unknown-1-300x113.png 300w, https:\/\/dzielmysieusmiechem.pl\/wp-content\/uploads\/2024\/04\/Unknown-1-18x7.png 18w\" sizes=\"auto, (max-width: 366px) 100vw, 366px\" \/>\t\t<\/header><!-- .entry-header -->\n\t<\/a>\n<\/article><!-- #post-2643 -->\n\t\t\t<\/div>\n\t\t<\/div>\n\t\n\n<div style=\"height:3rem\" aria-hidden=\"true\" class=\"wp-block-spacer\"><\/div>\n\n<div class=\"wp-bootstrap-blocks-row row\">\n\t\n<div class=\"col-12\">\n\t\t\t\n<h2 class=\"wp-block-heading\">Partners<\/h2>\n\t<\/div>\n<\/div>\n\n<div style=\"height:1.5rem\" aria-hidden=\"true\" class=\"wp-block-spacer\"><\/div>\n\n<div class=\"wp-bootstrap-blocks-row row\">\n\t\n<div class=\"col-6 col-sm-6 col-md-4 col-lg-3 col-xl-2\">\n\t\t\t\n<figure class=\"wp-block-image size-full is-style-image-background\"><a href=\"https:\/\/nowaortopedia.pl\/\"><img loading=\"lazy\" decoding=\"async\" width=\"600\" height=\"400\" src=\"https:\/\/dzielmysieusmiechem.pl\/wp-content\/uploads\/2023\/05\/nowa-ortopedia-logo.jpg\" alt=\"\" class=\"wp-image-1514\" srcset=\"https:\/\/dzielmysieusmiechem.pl\/wp-content\/uploads\/2023\/05\/nowa-ortopedia-logo.jpg 600w, https:\/\/dzielmysieusmiechem.pl\/wp-content\/uploads\/2023\/05\/nowa-ortopedia-logo-300x200.jpg 300w\" sizes=\"auto, (max-width: 600px) 100vw, 600px\" \/><\/a><\/figure>\n\t<\/div>\n\n<div class=\"col-6 col-sm-6 col-md-4 col-lg-3 col-xl-2\">\n\t\t\t\n<figure class=\"wp-block-image size-full is-style-image-background\"><a href=\"https:\/\/fotografiakarolinazmuda.mypixieset.com\/\"><img loading=\"lazy\" decoding=\"async\" width=\"150\" height=\"113\" src=\"https:\/\/dzielmysieusmiechem.pl\/wp-content\/uploads\/2023\/05\/FOTOGRAFIA.jpg\" alt=\"\" class=\"wp-image-1669\"\/><\/a><\/figure>\n\t<\/div>\n\n<div class=\"col-6 col-sm-6 col-md-4 col-lg-3 col-xl-2\">\n\t\t\t\n<figure class=\"wp-block-image size-full is-style-image-background\"><a href=\"https:\/\/www.facebook.com\/agencjaslubnamiodunka\/\"><img loading=\"lazy\" decoding=\"async\" width=\"150\" height=\"113\" src=\"https:\/\/dzielmysieusmiechem.pl\/wp-content\/uploads\/2023\/05\/Projekt-bez-nazwy-2.jpg\" alt=\"\" class=\"wp-image-1663\"\/><\/a><\/figure>\n\t<\/div>\n\n<div class=\"col-6 col-sm-6 col-md-4 col-lg-3 col-xl-2\">\n\t\t\t\n<figure class=\"wp-block-image size-full is-style-image-background\"><a href=\"https:\/\/gtrain7.wixsite.com\/gtrain\"><img loading=\"lazy\" decoding=\"async\" width=\"150\" height=\"113\" src=\"https:\/\/dzielmysieusmiechem.pl\/wp-content\/uploads\/2023\/05\/Projekt-bez-nazwy-4.jpg\" alt=\"\" class=\"wp-image-1665\"\/><\/a><\/figure>\n\t<\/div>\n\n<div class=\"col-6 col-sm-6 col-md-4 col-lg-3 col-xl-2\">\n\t\t\t\n<figure class=\"wp-block-image size-full is-style-image-background\"><a href=\"https:\/\/www.nomar.com.pl\/\"><img loading=\"lazy\" decoding=\"async\" width=\"150\" height=\"113\" src=\"https:\/\/dzielmysieusmiechem.pl\/wp-content\/uploads\/2023\/05\/Projekt-bez-nazwy-6.jpg\" alt=\"\" class=\"wp-image-1667\"\/><\/a><\/figure>\n\t<\/div>\n\n<div class=\"col-6 col-sm-6 col-md-4 col-lg-3 col-xl-2\">\n\t\t\t\n<figure class=\"wp-block-image size-full is-style-image-background\"><a href=\"https:\/\/osheeshop.eu\/oshee-world\"><img loading=\"lazy\" decoding=\"async\" width=\"150\" height=\"113\" src=\"https:\/\/dzielmysieusmiechem.pl\/wp-content\/uploads\/2023\/05\/Projekt-bez-nazwy-7.jpg\" alt=\"\" class=\"wp-image-1668\"\/><\/a><\/figure>\n\t<\/div>\n<\/div>\n<\/div><\/div><\/div><div class=\"wp-block-group has-blue-background-color has-background\" style=\"padding-top:4rem;padding-bottom:4rem\"><div class=\"wp-block-group__inner-container is-layout-constrained wp-block-group-is-layout-constrained\"><div class=\"wp-bootstrap-blocks-container container mb-2\">\n\t\n<div class=\"wp-bootstrap-blocks-row row justify-content-center\">\n\t\n<div class=\"col-12 col-md-6\">\n\t\t\t\n<h2 class=\"wp-block-heading has-text-align-center has-white-color has-text-color has-link-color wp-elements-310331ab50115e99567d595774871efe\">let's share a smile together today!<\/h2>\n\n<div style=\"height:1rem\" aria-hidden=\"true\" class=\"wp-block-spacer\"><\/div>\n\n<div class=\"wp-block-buttons is-content-justification-center is-layout-flex wp-container-core-buttons-is-layout-a89b3969 wp-block-buttons-is-layout-flex\"><div class=\"wp-block-button is-style-btn-primary\"><a class=\"wp-block-button__link wp-element-button\" href=\"https:\/\/dzielmysieusmiechem.pl\/en\/kontakt\/\">Get in touch<\/a><\/div><\/div>\n\t<\/div>\n<\/div>\n<\/div><\/div><\/div><div class=\"wp-block-group\" style=\"margin-top:2rem;margin-bottom:2rem\"><div class=\"wp-block-group__inner-container is-layout-constrained wp-block-group-is-layout-constrained\"><div class=\"wp-bootstrap-blocks-container container mb-2\">\n\t\n<div class=\"wp-bootstrap-blocks-row row\">\n\t\n<div class=\"col-12\">\n\t\t\t\n<ol class=\"wp-elements-74a488ad22212d4a36b3db1bc990315e wp-block-footnotes has-text-color has-gray-color has-small-font-size\"><li id=\"06acf644-34f6-4d5d-9321-d17316df9da6\">Badanie \u201eZaanga\u017cowanie spo\u0142eczne przedsi\u0119biorc\u00f3w\u201d przeprowadzone w ramach inicjatywy \u201eUrodzeni Przedsi\u0119biorcy\u201d, \u017ar\u00f3d\u0142o: https:\/\/mojafirma.infor.pl\/biznes-finanse\/5263032,Czy-przedsiebiorcy-angazuja-sie-spolecznie.html, dost\u0119p 08.08.2024 r.\u00a0 <a href=\"#06acf644-34f6-4d5d-9321-d17316df9da6-link\" aria-label=\"Jump to footnote reference 1\">\u21a9\ufe0e<\/a><\/li><\/ol>\n\t<\/div>\n<\/div>\n<\/div><\/div><\/div>","protected":false},"excerpt":{"rendered":"<p> [&#8230;]<\/p>\n<p><a class=\"btn btn-secondary understrap-read-more-link\" href=\"https:\/\/dzielmysieusmiechem.pl\/en\/partnerzy\/warta\/\">Read More&#8230;<span class=\"screen-reader-text\"> from Warta<\/span><\/a><\/p>","protected":false},"author":4,"featured_media":1621,"parent":1485,"menu_order":0,"comment_status":"closed","ping_status":"closed","template":"page-templates\/page-without-banner.php","meta":{"footnotes":"[{\"content\":\"Badanie \u201eZaanga\u017cowanie spo\u0142eczne przedsi\u0119biorc\u00f3w\u201d przeprowadzone w ramach inicjatywy \u201eUrodzeni Przedsi\u0119biorcy\u201d, \u017ar\u00f3d\u0142o: https:\/\/mojafirma.infor.pl\/biznes-finanse\/5263032,Czy-przedsiebiorcy-angazuja-sie-spolecznie.html, dost\u0119p 08.08.2024 r.\u00a0\",\"id\":\"06acf644-34f6-4d5d-9321-d17316df9da6\"}]"},"class_list":["post-2811","page","type-page","status-publish","has-post-thumbnail","hentry"],"acf":[],"aioseo_notices":[],"_links":{"self":[{"href":"https:\/\/dzielmysieusmiechem.pl\/en\/wp-json\/wp\/v2\/pages\/2811","targetHints":{"allow":["GET"]}}],"collection":[{"href":"https:\/\/dzielmysieusmiechem.pl\/en\/wp-json\/wp\/v2\/pages"}],"about":[{"href":"https:\/\/dzielmysieusmiechem.pl\/en\/wp-json\/wp\/v2\/types\/page"}],"author":[{"embeddable":true,"href":"https:\/\/dzielmysieusmiechem.pl\/en\/wp-json\/wp\/v2\/users\/4"}],"replies":[{"embeddable":true,"href":"https:\/\/dzielmysieusmiechem.pl\/en\/wp-json\/wp\/v2\/comments?post=2811"}],"version-history":[{"count":7,"href":"https:\/\/dzielmysieusmiechem.pl\/en\/wp-json\/wp\/v2\/pages\/2811\/revisions"}],"predecessor-version":[{"id":2980,"href":"https:\/\/dzielmysieusmiechem.pl\/en\/wp-json\/wp\/v2\/pages\/2811\/revisions\/2980"}],"up":[{"embeddable":true,"href":"https:\/\/dzielmysieusmiechem.pl\/en\/wp-json\/wp\/v2\/pages\/1485"}],"wp:featuredmedia":[{"embeddable":true,"href":"https:\/\/dzielmysieusmiechem.pl\/en\/wp-json\/wp\/v2\/media\/1621"}],"wp:attachment":[{"href":"https:\/\/dzielmysieusmiechem.pl\/en\/wp-json\/wp\/v2\/media?parent=2811"}],"curies":[{"name":"wp","href":"https:\/\/api.w.org\/{rel}","templated":true}]}}