{"id":2911,"date":"2024-10-15T15:39:58","date_gmt":"2024-10-15T13:39:58","guid":{"rendered":"https:\/\/dzielmysieusmiechem.pl\/?page_id=2911"},"modified":"2024-10-15T15:39:59","modified_gmt":"2024-10-15T13:39:59","slug":"formy-platnosci","status":"publish","type":"page","link":"https:\/\/dzielmysieusmiechem.pl\/en\/formy-platnosci\/","title":{"rendered":"Formy p\u0142atno\u015bci\u202f\u00a0"},"content":{"rendered":"<p><br>\u00a0<br>Sklep dost\u0119pny pod adresem https:\/\/dzielmysieusmiechem.pl\/ preferuje nast\u0119puj\u0105ce formy p\u0142atno\u015bci:\u00a0<br>\u00a0<br>a. <strong>Przelew na konto<\/strong> fundacji\u00a0\u00a0<\/p><p>Fundacja Dzielmy si\u0119 u\u015bmiechem im. Krystiana Popieli z siedzib\u0105 w Tarnowie&nbsp;<\/p><p>ul. Promienna 22\/61, 33-100 Tarn\u00f3w, KRS: 0000772682, NIP: 8733270449&nbsp;<\/p><p>Konto prowadzone przez bank Ma\u0142opolski Bank Sp\u00f3\u0142dzielczy o numerze 30 86190006 0010 0435 2624 0001.&nbsp;<br>W tytule przelewu (lub blankiecie pocztowym) nale\u017cy poda\u0107 numer i dat\u0119 Zam\u00f3wienia, dane Zamawiaj\u0105cego (imi\u0119 i nazwisko) oraz dopisek \u201ezam\u00f3wienie internetowe\u201d.&nbsp;<\/p><p>b. <strong>P\u0142atno\u015b\u0107 online przelewem\/kar\u0105 p\u0142atnicz\u0105\/blikiem\/portfelami online (np. googlepay)<\/strong>&nbsp;<br>Za po\u015brednictwem zewn\u0119trznego operatora p\u0142atno\u015bci <strong>przelewy24<\/strong>.&nbsp;<strong> <\/strong>Po wyborze tej formy p\u0142atno\u015bci zamawiaj\u0105cy zostanie przeniesiony na stron\u0119 internetow\u0105 podmiotu obs\u0142uguj\u0105cego portal <strong>przelewy24<\/strong>, a po zako\u0144czeniu wszelkich procedur zamawiaj\u0105cy zostanie ponownie przeniesiony na stron\u0119 internetow\u0105 Sklepu.&nbsp;&nbsp;<\/p><p>Us\u0142ugi <strong>przelewy24 <\/strong>\u015bwiadczone s\u0105 przez sp\u00f3\u0142k\u0119:&nbsp;<\/p><p>PayPro S.A. z siedzib\u0105 w Poznaniu,&nbsp;&nbsp;<\/p><p>ul. Pastelowa 8, 60-198 Pozna\u0144,&nbsp;&nbsp;<\/p><p>wpisan\u0105 do rejestru przedsi\u0119biorc\u00f3w Krajowego Rejestru S\u0105dowego pod nr KRS: 0000347935, akta rejestrowe przechowywane przez S\u0105d Rejonowy Pozna\u0144 &#8211; Nowe Miasto i Wilda w Poznaniu, VIII Wydzia\u0142 Gospodarczy Krajowego Rejestru S\u0105dowego, NIP: 7792369887, nr REGON: 301345068.&nbsp;<\/p><p>Jednocze\u015bnie Sklep informuje, \u017ce aktualnie nie umo\u017cliwia odbioru osobistego zam\u00f3wie\u0144 oraz dokonywania zap\u0142aty za zam\u00f3wienie w formie got\u00f3wkowej. &nbsp;<\/p>","protected":false},"excerpt":{"rendered":"<p>\u00a0Sklep dost\u0119pny pod adresem https:\/\/dzielmysieusmiechem.pl\/ preferuje nast\u0119puj\u0105ce formy p\u0142atno\u015bci:\u00a0\u00a0a. Przelew na konto fundacji\u00a0\u00a0 Fundacja Dzielmy si\u0119 u\u015bmiechem im. Krystiana Popieli z siedzib\u0105 w Tarnowie&nbsp; ul. Promienna 22\/61, 33-100 Tarn\u00f3w, KRS: 0000772682, NIP: 8733270449&nbsp; Konto prowadzone przez bank Ma\u0142opolski Bank Sp\u00f3\u0142dzielczy o numerze 30 86190006 0010 0435 2624 0001.&nbsp;W tytule przelewu (lub blankiecie pocztowym) nale\u017cy poda\u0107 [&#8230;]<\/p>\n<p><a class=\"btn btn-secondary understrap-read-more-link\" href=\"https:\/\/dzielmysieusmiechem.pl\/en\/formy-platnosci\/\">Read More&#8230;<span class=\"screen-reader-text\"> from Formy p\u0142atno\u015bci\u202f\u00a0<\/span><\/a><\/p>","protected":false},"author":4,"featured_media":0,"parent":0,"menu_order":0,"comment_status":"closed","ping_status":"closed","template":"","meta":{"footnotes":""},"class_list":["post-2911","page","type-page","status-publish","hentry"],"acf":[],"aioseo_notices":[],"_links":{"self":[{"href":"https:\/\/dzielmysieusmiechem.pl\/en\/wp-json\/wp\/v2\/pages\/2911","targetHints":{"allow":["GET"]}}],"collection":[{"href":"https:\/\/dzielmysieusmiechem.pl\/en\/wp-json\/wp\/v2\/pages"}],"about":[{"href":"https:\/\/dzielmysieusmiechem.pl\/en\/wp-json\/wp\/v2\/types\/page"}],"author":[{"embeddable":true,"href":"https:\/\/dzielmysieusmiechem.pl\/en\/wp-json\/wp\/v2\/users\/4"}],"replies":[{"embeddable":true,"href":"https:\/\/dzielmysieusmiechem.pl\/en\/wp-json\/wp\/v2\/comments?post=2911"}],"version-history":[{"count":1,"href":"https:\/\/dzielmysieusmiechem.pl\/en\/wp-json\/wp\/v2\/pages\/2911\/revisions"}],"predecessor-version":[{"id":2912,"href":"https:\/\/dzielmysieusmiechem.pl\/en\/wp-json\/wp\/v2\/pages\/2911\/revisions\/2912"}],"wp:attachment":[{"href":"https:\/\/dzielmysieusmiechem.pl\/en\/wp-json\/wp\/v2\/media?parent=2911"}],"curies":[{"name":"wp","href":"https:\/\/api.w.org\/{rel}","templated":true}]}}