{"id":2898,"date":"2024-10-07T17:22:51","date_gmt":"2024-10-07T15:22:51","guid":{"rendered":"https:\/\/dzielmysieusmiechem.pl\/?post_type=product&#038;p=2898"},"modified":"2024-10-24T11:25:50","modified_gmt":"2024-10-24T09:25:50","slug":"bluza-z-kapturem-z-kolekcji-lets-share-a-smile","status":"publish","type":"product","link":"https:\/\/dzielmysieusmiechem.pl\/en\/product\/bluza-z-kapturem-z-kolekcji-lets-share-a-smile\/","title":{"rendered":"Bluza z kapturem z kolekcji &#8222;Let&#8217;s Share a Smile&#8221;"},"content":{"rendered":"<p>Dodaj odrobin\u0119 rado\u015bci do swojej garderoby z nasz\u0105 unisexow\u0105 bluz\u0105 z kapturem, wykonan\u0105 z ekologicznej bawe\u0142ny. Naturalny kolor bluzy doskonale pasuje zar\u00f3wno do stylizacji kobiet, jak i m\u0119\u017cczyzn, a jej wyj\u0105tkowy design przypomina o naszej misji \u2013 wspieraniu sportowc\u00f3w w trudnych chwilach. Produkcja odbywa si\u0119 z redukcj\u0105 zanieczyszcze\u0144, co czyni ten produkt przyjaznym dla \u015brodowiska. Ka\u017cdy zakup wspiera naszych podopiecznych, pomagaj\u0105c im wr\u00f3ci\u0107 do pe\u0142nej sprawno\u015bci. Do\u0142\u0105cz do nas i dziel si\u0119 u\u015bmiechem!<\/p>","protected":false},"excerpt":{"rendered":"<p>Dodaj odrobin\u0119 rado\u015bci do swojej garderoby z nasz\u0105 unisexow\u0105 bluz\u0105 z kapturem, wykonan\u0105 z ekologicznej bawe\u0142ny. Naturalny kolor bluzy doskonale pasuje zar\u00f3wno do stylizacji kobiet, jak i m\u0119\u017cczyzn, a jej wyj\u0105tkowy design przypomina o naszej misji \u2013 wspieraniu sportowc\u00f3w w trudnych chwilach. Produkcja odbywa si\u0119 z redukcj\u0105 zanieczyszcze\u0144, co czyni ten produkt przyjaznym dla \u015brodowiska. [&#8230;]<\/p>\n<p><a class=\"btn btn-secondary understrap-read-more-link\" href=\"https:\/\/dzielmysieusmiechem.pl\/en\/product\/bluza-z-kapturem-z-kolekcji-lets-share-a-smile\/\">Read More&#8230;<span class=\"screen-reader-text\"> from Bluza z kapturem z kolekcji &#8222;Let&#8217;s Share a Smile&#8221;<\/span><\/a><\/p>","protected":false},"featured_media":3011,"template":"","meta":[],"product_brand":[],"product_cat":[38],"product_tag":[],"class_list":{"0":"post-2898","1":"product","2":"type-product","3":"status-publish","4":"has-post-thumbnail","6":"product_cat-lets-share-a-smile","8":"first","9":"instock","10":"shipping-taxable","11":"purchasable","12":"product-type-variable"},"acf":[],"aioseo_notices":[],"_links":{"self":[{"href":"https:\/\/dzielmysieusmiechem.pl\/en\/wp-json\/wp\/v2\/product\/2898","targetHints":{"allow":["GET"]}}],"collection":[{"href":"https:\/\/dzielmysieusmiechem.pl\/en\/wp-json\/wp\/v2\/product"}],"about":[{"href":"https:\/\/dzielmysieusmiechem.pl\/en\/wp-json\/wp\/v2\/types\/product"}],"wp:featuredmedia":[{"embeddable":true,"href":"https:\/\/dzielmysieusmiechem.pl\/en\/wp-json\/wp\/v2\/media\/3011"}],"wp:attachment":[{"href":"https:\/\/dzielmysieusmiechem.pl\/en\/wp-json\/wp\/v2\/media?parent=2898"}],"wp:term":[{"taxonomy":"product_brand","embeddable":true,"href":"https:\/\/dzielmysieusmiechem.pl\/en\/wp-json\/wp\/v2\/product_brand?post=2898"},{"taxonomy":"product_cat","embeddable":true,"href":"https:\/\/dzielmysieusmiechem.pl\/en\/wp-json\/wp\/v2\/product_cat?post=2898"},{"taxonomy":"product_tag","embeddable":true,"href":"https:\/\/dzielmysieusmiechem.pl\/en\/wp-json\/wp\/v2\/product_tag?post=2898"}],"curies":[{"name":"wp","href":"https:\/\/api.w.org\/{rel}","templated":true}]}}