{"id":2900,"date":"2024-10-07T17:27:44","date_gmt":"2024-10-07T15:27:44","guid":{"rendered":"https:\/\/dzielmysieusmiechem.pl\/?post_type=product&#038;p=2900"},"modified":"2024-10-21T11:06:57","modified_gmt":"2024-10-21T09:06:57","slug":"plecak-sznurkowy-pomagaj-w-ruchu","status":"publish","type":"product","link":"https:\/\/dzielmysieusmiechem.pl\/en\/product\/plecak-sznurkowy-pomagaj-w-ruchu\/","title":{"rendered":"Plecak sznurkowy \u2013 Pomagaj w ruchu!"},"content":{"rendered":"<p>Kupuj\u0105c ten praktyczny plecak sznurkowy, wspierasz sportowc\u00f3w b\u0119d\u0105cych pod opiek\u0105 Fundacji Dzielmy si\u0119 U\u015bmiechem im. Krystiana Popieli. Ca\u0142y doch\u00f3d ze sprzeda\u017cy plecaka przeznaczony jest na finansowanie leczenia i rehabilitacji sportowc\u00f3w po kontuzjach i chorobach. Lekki i wygodny \u2013 doskona\u0142y na co dzie\u0144. Pomagaj, gdziekolwiek jeste\u015b!<\/p>","protected":false},"excerpt":{"rendered":"<p>Kupuj\u0105c ten praktyczny plecak sznurkowy, wspierasz sportowc\u00f3w b\u0119d\u0105cych pod opiek\u0105 Fundacji Dzielmy si\u0119 U\u015bmiechem im. Krystiana Popieli. Ca\u0142y doch\u00f3d ze sprzeda\u017cy plecaka przeznaczony jest na finansowanie leczenia i rehabilitacji sportowc\u00f3w po kontuzjach i chorobach. Lekki i wygodny \u2013 doskona\u0142y na co dzie\u0144. Pomagaj, gdziekolwiek jeste\u015b! [&#8230;]<\/p>\n<p><a class=\"btn btn-secondary understrap-read-more-link\" href=\"https:\/\/dzielmysieusmiechem.pl\/en\/product\/plecak-sznurkowy-pomagaj-w-ruchu\/\">Read More&#8230;<span class=\"screen-reader-text\"> from Plecak sznurkowy \u2013 Pomagaj w ruchu!<\/span><\/a><\/p>","protected":false},"featured_media":0,"template":"","meta":[],"product_brand":[],"product_cat":[30],"product_tag":[],"class_list":{"0":"post-2900","1":"product","2":"type-product","3":"status-publish","5":"product_cat-bez-kategorii","7":"first","8":"instock","9":"shipping-taxable","10":"purchasable","11":"product-type-simple"},"acf":[],"aioseo_notices":[],"_links":{"self":[{"href":"https:\/\/dzielmysieusmiechem.pl\/en\/wp-json\/wp\/v2\/product\/2900","targetHints":{"allow":["GET"]}}],"collection":[{"href":"https:\/\/dzielmysieusmiechem.pl\/en\/wp-json\/wp\/v2\/product"}],"about":[{"href":"https:\/\/dzielmysieusmiechem.pl\/en\/wp-json\/wp\/v2\/types\/product"}],"wp:attachment":[{"href":"https:\/\/dzielmysieusmiechem.pl\/en\/wp-json\/wp\/v2\/media?parent=2900"}],"wp:term":[{"taxonomy":"product_brand","embeddable":true,"href":"https:\/\/dzielmysieusmiechem.pl\/en\/wp-json\/wp\/v2\/product_brand?post=2900"},{"taxonomy":"product_cat","embeddable":true,"href":"https:\/\/dzielmysieusmiechem.pl\/en\/wp-json\/wp\/v2\/product_cat?post=2900"},{"taxonomy":"product_tag","embeddable":true,"href":"https:\/\/dzielmysieusmiechem.pl\/en\/wp-json\/wp\/v2\/product_tag?post=2900"}],"curies":[{"name":"wp","href":"https:\/\/api.w.org\/{rel}","templated":true}]}}