{"id":2996,"date":"2024-10-21T11:07:21","date_gmt":"2024-10-21T09:07:21","guid":{"rendered":"https:\/\/dzielmysieusmiechem.pl\/?post_type=product&#038;p=2996"},"modified":"2024-10-24T11:29:06","modified_gmt":"2024-10-24T09:29:06","slug":"mis-popis","status":"publish","type":"product","link":"https:\/\/dzielmysieusmiechem.pl\/en\/product\/mis-popis\/","title":{"rendered":"Mi\u015b Popi\u015b"},"content":{"rendered":"<p>Oficjalna maskotka Fundacji Dzielmy si\u0119 U\u015bmiechem im. Krystiana Popieli \u2013 Mi\u015b Popi\u015b \u2013 to wyj\u0105tkowa, r\u0119cznie robiona zabawka, kt\u00f3ra symbolizuje rado\u015b\u0107, wsparcie i nadziej\u0119. Ka\u017cdy mi\u015b jest unikalny, wykonany z sercem i precyzj\u0105, co czyni go idealnym towarzyszem zar\u00f3wno dla dzieci, jak i doros\u0142ych. Kupuj\u0105c Misia Popisia, wspierasz naszych podopiecznych i do\u0142\u0105czasz do grona os\u00f3b nios\u0105cych u\u015bmiech oraz pomoc sportowcom w potrzebie.<\/p>","protected":false},"excerpt":{"rendered":"<p>Oficjalna maskotka Fundacji Dzielmy si\u0119 U\u015bmiechem im. Krystiana Popieli \u2013 Mi\u015b Popi\u015b \u2013 to wyj\u0105tkowa, r\u0119cznie robiona zabawka, kt\u00f3ra symbolizuje rado\u015b\u0107, wsparcie i nadziej\u0119. Ka\u017cdy mi\u015b jest unikalny, wykonany z sercem i precyzj\u0105, co czyni go idealnym towarzyszem zar\u00f3wno dla dzieci, jak i doros\u0142ych. Kupuj\u0105c Misia Popisia, wspierasz naszych podopiecznych i do\u0142\u0105czasz do grona os\u00f3b [&#8230;]<\/p>\n<p><a class=\"btn btn-secondary understrap-read-more-link\" href=\"https:\/\/dzielmysieusmiechem.pl\/en\/product\/mis-popis\/\">Read More&#8230;<span class=\"screen-reader-text\"> from Mi\u015b Popi\u015b<\/span><\/a><\/p>","protected":false},"featured_media":3021,"template":"","meta":[],"product_brand":[],"product_cat":[30],"product_tag":[],"class_list":{"0":"post-2996","1":"product","2":"type-product","3":"status-publish","4":"has-post-thumbnail","6":"product_cat-bez-kategorii","8":"first","9":"instock","10":"shipping-taxable","11":"purchasable","12":"product-type-simple"},"acf":[],"aioseo_notices":[],"_links":{"self":[{"href":"https:\/\/dzielmysieusmiechem.pl\/en\/wp-json\/wp\/v2\/product\/2996","targetHints":{"allow":["GET"]}}],"collection":[{"href":"https:\/\/dzielmysieusmiechem.pl\/en\/wp-json\/wp\/v2\/product"}],"about":[{"href":"https:\/\/dzielmysieusmiechem.pl\/en\/wp-json\/wp\/v2\/types\/product"}],"wp:featuredmedia":[{"embeddable":true,"href":"https:\/\/dzielmysieusmiechem.pl\/en\/wp-json\/wp\/v2\/media\/3021"}],"wp:attachment":[{"href":"https:\/\/dzielmysieusmiechem.pl\/en\/wp-json\/wp\/v2\/media?parent=2996"}],"wp:term":[{"taxonomy":"product_brand","embeddable":true,"href":"https:\/\/dzielmysieusmiechem.pl\/en\/wp-json\/wp\/v2\/product_brand?post=2996"},{"taxonomy":"product_cat","embeddable":true,"href":"https:\/\/dzielmysieusmiechem.pl\/en\/wp-json\/wp\/v2\/product_cat?post=2996"},{"taxonomy":"product_tag","embeddable":true,"href":"https:\/\/dzielmysieusmiechem.pl\/en\/wp-json\/wp\/v2\/product_tag?post=2996"}],"curies":[{"name":"wp","href":"https:\/\/api.w.org\/{rel}","templated":true}]}}